{"id":19027,"date":"2023-02-22T19:33:16","date_gmt":"2023-02-22T19:33:16","guid":{"rendered":"https:\/\/caogrande.com\/frequently-asked-questions\/"},"modified":"2023-11-08T18:34:50","modified_gmt":"2023-11-08T18:34:50","slug":"frequently-asked-questions","status":"publish","type":"page","link":"https:\/\/caogrande.com\/fr\/frequently-asked-questions\/","title":{"rendered":"Questions fr\u00e9quemment pos\u00e9es"},"content":{"rendered":"\t\t<div data-elementor-type=\"wp-page\" data-elementor-id=\"19027\" class=\"elementor elementor-19027 elementor-14757\" data-elementor-post-type=\"page\">\n\t\t\t\t<div class=\"elementor-element elementor-element-928a89b e-flex e-con-boxed e-con e-parent\" data-id=\"928a89b\" data-element_type=\"container\">\n\t\t\t\t\t<div class=\"e-con-inner\">\n\t\t\t\t<div class=\"elementor-element elementor-element-42a97c3 elementor-widget elementor-widget-heading\" data-id=\"42a97c3\" data-element_type=\"widget\" data-widget_type=\"heading.default\">\n\t\t\t\t<div class=\"elementor-widget-container\">\n\t\t\t\t\t<h2 class=\"elementor-heading-title elementor-size-default\">Voici quelques questions fr\u00e9quemment pos\u00e9es sur le march\u00e9 touristique de S\u00e3o Tom\u00e9 et Principe de C\u00c3O GRANDE :<\/h2>\t\t\t\t<\/div>\n\t\t\t\t<\/div>\n\t\t\t\t<div class=\"elementor-element elementor-element-aad136c elementor-widget elementor-widget-spacer\" data-id=\"aad136c\" data-element_type=\"widget\" data-widget_type=\"spacer.default\">\n\t\t\t\t<div class=\"elementor-widget-container\">\n\t\t\t\t\t\t\t<div class=\"elementor-spacer\">\n\t\t\t<div class=\"elementor-spacer-inner\"><\/div>\n\t\t<\/div>\n\t\t\t\t\t\t<\/div>\n\t\t\t\t<\/div>\n\t\t\t\t<div class=\"elementor-element elementor-element-679341b elementor-widget elementor-widget-st_faq\" data-id=\"679341b\" data-element_type=\"widget\" data-widget_type=\"st_faq.default\">\n\t\t\t\t<div class=\"elementor-widget-container\">\n\t\t\t\t\t<div class=\"accordion faq style1\" id=\"accordion_what-is-c\u00e3o-grande-tourism-marketplace\">\r\n    <div class=\"accordion-item\">\r\n        <h2 class=\"accordion-header\" id=\"heading_what-is-c\u00e3o-grande-tourism-marketplace\">\r\n            <button class=\"accordion-button   collapsed\"\r\n                type=\"button\"\r\n                data-bs-toggle=\"collapse\"\r\n                data-bs-target=\"#st-what-is-c\u00e3o-grande-tourism-marketplace\"\r\n                aria-expanded=\"false\"\r\n                aria-controls=\"what-is-c\u00e3o-grande-tourism-marketplace\"\r\n            >\r\n                What is C\u00c3O GRANDE Tourism marketplace?            <\/button>\r\n        <\/h2>\r\n        <div id=\"st-what-is-c\u00e3o-grande-tourism-marketplace\" class=\"accordion-collapse collapse \"\r\n            aria-labelledby=\"heading_what-is-c\u00e3o-grande-tourism-marketplace\"\r\n            data-bs-parent=\"#accordion_what-is-c\u00e3o-grande-tourism-marketplace\"\r\n        >\r\n            <div class=\"accordion-body\">\r\n                C\u00c3O GRANDE Tourism marketplace is an online platform that connects travelers with local partners offering tourism services in S\u00e3o Tom\u00e9 and Principe.            <\/div>\r\n        <\/div>\r\n    <\/div>\r\n<\/div>\r\n\t\t\t\t<\/div>\n\t\t\t\t<\/div>\n\t\t\t\t<div class=\"elementor-element elementor-element-83b7799 elementor-widget elementor-widget-st_faq\" data-id=\"83b7799\" data-element_type=\"widget\" data-widget_type=\"st_faq.default\">\n\t\t\t\t<div class=\"elementor-widget-container\">\n\t\t\t\t\t<div class=\"accordion faq style1\" id=\"accordion_how-do-i-book-a-service-on-c\u00e3o-grande-tourism-marketplace\">\r\n    <div class=\"accordion-item\">\r\n        <h2 class=\"accordion-header\" id=\"heading_how-do-i-book-a-service-on-c\u00e3o-grande-tourism-marketplace\">\r\n            <button class=\"accordion-button   collapsed\"\r\n                type=\"button\"\r\n                data-bs-toggle=\"collapse\"\r\n                data-bs-target=\"#st-how-do-i-book-a-service-on-c\u00e3o-grande-tourism-marketplace\"\r\n                aria-expanded=\"false\"\r\n                aria-controls=\"how-do-i-book-a-service-on-c\u00e3o-grande-tourism-marketplace\"\r\n            >\r\n                How do I book a service on C\u00c3O GRANDE Tourism marketplace?            <\/button>\r\n        <\/h2>\r\n        <div id=\"st-how-do-i-book-a-service-on-c\u00e3o-grande-tourism-marketplace\" class=\"accordion-collapse collapse \"\r\n            aria-labelledby=\"heading_how-do-i-book-a-service-on-c\u00e3o-grande-tourism-marketplace\"\r\n            data-bs-parent=\"#accordion_how-do-i-book-a-service-on-c\u00e3o-grande-tourism-marketplace\"\r\n        >\r\n            <div class=\"accordion-body\">\r\n                You can browse the available services on the website or app, select the service you want, and follow the booking process. You will be asked to provide some personal information and payment details to complete the booking.            <\/div>\r\n        <\/div>\r\n    <\/div>\r\n<\/div>\r\n\t\t\t\t<\/div>\n\t\t\t\t<\/div>\n\t\t\t\t<div class=\"elementor-element elementor-element-9ee1507 elementor-widget elementor-widget-st_faq\" data-id=\"9ee1507\" data-element_type=\"widget\" data-widget_type=\"st_faq.default\">\n\t\t\t\t<div class=\"elementor-widget-container\">\n\t\t\t\t\t<div class=\"accordion faq style1\" id=\"accordion_how-do-i-pay-for-the-service\">\r\n    <div class=\"accordion-item\">\r\n        <h2 class=\"accordion-header\" id=\"heading_how-do-i-pay-for-the-service\">\r\n            <button class=\"accordion-button   collapsed\"\r\n                type=\"button\"\r\n                data-bs-toggle=\"collapse\"\r\n                data-bs-target=\"#st-how-do-i-pay-for-the-service\"\r\n                aria-expanded=\"false\"\r\n                aria-controls=\"how-do-i-pay-for-the-service\"\r\n            >\r\n                How do I pay for the service?            <\/button>\r\n        <\/h2>\r\n        <div id=\"st-how-do-i-pay-for-the-service\" class=\"accordion-collapse collapse \"\r\n            aria-labelledby=\"heading_how-do-i-pay-for-the-service\"\r\n            data-bs-parent=\"#accordion_how-do-i-pay-for-the-service\"\r\n        >\r\n            <div class=\"accordion-body\">\r\n                You can pay for the service using a credit, debit card, PayPal or Bank transfer . The payment process is securely handled by a third-party payment provider.            <\/div>\r\n        <\/div>\r\n    <\/div>\r\n<\/div>\r\n\t\t\t\t<\/div>\n\t\t\t\t<\/div>\n\t\t\t\t<div class=\"elementor-element elementor-element-152bc6f elementor-widget elementor-widget-st_faq\" data-id=\"152bc6f\" data-element_type=\"widget\" data-widget_type=\"st_faq.default\">\n\t\t\t\t<div class=\"elementor-widget-container\">\n\t\t\t\t\t<div class=\"accordion faq style1\" id=\"accordion_what-happens-if-i-need-to-cancel-my-booking\">\r\n    <div class=\"accordion-item\">\r\n        <h2 class=\"accordion-header\" id=\"heading_what-happens-if-i-need-to-cancel-my-booking\">\r\n            <button class=\"accordion-button   collapsed\"\r\n                type=\"button\"\r\n                data-bs-toggle=\"collapse\"\r\n                data-bs-target=\"#st-what-happens-if-i-need-to-cancel-my-booking\"\r\n                aria-expanded=\"false\"\r\n                aria-controls=\"what-happens-if-i-need-to-cancel-my-booking\"\r\n            >\r\n                What happens if I need to cancel my booking?            <\/button>\r\n        <\/h2>\r\n        <div id=\"st-what-happens-if-i-need-to-cancel-my-booking\" class=\"accordion-collapse collapse \"\r\n            aria-labelledby=\"heading_what-happens-if-i-need-to-cancel-my-booking\"\r\n            data-bs-parent=\"#accordion_what-happens-if-i-need-to-cancel-my-booking\"\r\n        >\r\n            <div class=\"accordion-body\">\r\n                The cancellation policy may vary depending on the service provider. Please check the cancellation policy before making a booking. If you need to cancel, you can do so by contacting the service provider directly or by using the cancellation feature available on the website or app.            <\/div>\r\n        <\/div>\r\n    <\/div>\r\n<\/div>\r\n\t\t\t\t<\/div>\n\t\t\t\t<\/div>\n\t\t\t\t<div class=\"elementor-element elementor-element-6cc61f8 elementor-widget elementor-widget-st_faq\" data-id=\"6cc61f8\" data-element_type=\"widget\" data-widget_type=\"st_faq.default\">\n\t\t\t\t<div class=\"elementor-widget-container\">\n\t\t\t\t\t<div class=\"accordion faq style1\" id=\"accordion_what-should-i-do-if-i-have-a-problem-with-the-service\">\r\n    <div class=\"accordion-item\">\r\n        <h2 class=\"accordion-header\" id=\"heading_what-should-i-do-if-i-have-a-problem-with-the-service\">\r\n            <button class=\"accordion-button   collapsed\"\r\n                type=\"button\"\r\n                data-bs-toggle=\"collapse\"\r\n                data-bs-target=\"#st-what-should-i-do-if-i-have-a-problem-with-the-service\"\r\n                aria-expanded=\"false\"\r\n                aria-controls=\"what-should-i-do-if-i-have-a-problem-with-the-service\"\r\n            >\r\n                What should I do if I have a problem with the service?            <\/button>\r\n        <\/h2>\r\n        <div id=\"st-what-should-i-do-if-i-have-a-problem-with-the-service\" class=\"accordion-collapse collapse \"\r\n            aria-labelledby=\"heading_what-should-i-do-if-i-have-a-problem-with-the-service\"\r\n            data-bs-parent=\"#accordion_what-should-i-do-if-i-have-a-problem-with-the-service\"\r\n        >\r\n            <div class=\"accordion-body\">\r\n                If you have any problems with the service, please contact the service provider directly. If you are unable to resolve the issue, you can contact C\u00c3O GRANDE Tourism marketplace for assistance.            <\/div>\r\n        <\/div>\r\n    <\/div>\r\n<\/div>\r\n\t\t\t\t<\/div>\n\t\t\t\t<\/div>\n\t\t\t\t<div class=\"elementor-element elementor-element-07374fe elementor-widget elementor-widget-st_faq\" data-id=\"07374fe\" data-element_type=\"widget\" data-widget_type=\"st_faq.default\">\n\t\t\t\t<div class=\"elementor-widget-container\">\n\t\t\t\t\t<div class=\"accordion faq style1\" id=\"accordion_is-it-safe-to-use-c\u00e3o-grande-tourism-marketplace\">\r\n    <div class=\"accordion-item\">\r\n        <h2 class=\"accordion-header\" id=\"heading_is-it-safe-to-use-c\u00e3o-grande-tourism-marketplace\">\r\n            <button class=\"accordion-button   collapsed\"\r\n                type=\"button\"\r\n                data-bs-toggle=\"collapse\"\r\n                data-bs-target=\"#st-is-it-safe-to-use-c\u00e3o-grande-tourism-marketplace\"\r\n                aria-expanded=\"false\"\r\n                aria-controls=\"is-it-safe-to-use-c\u00e3o-grande-tourism-marketplace\"\r\n            >\r\n                Is it safe to use C\u00c3O GRANDE Tourism marketplace?            <\/button>\r\n        <\/h2>\r\n        <div id=\"st-is-it-safe-to-use-c\u00e3o-grande-tourism-marketplace\" class=\"accordion-collapse collapse \"\r\n            aria-labelledby=\"heading_is-it-safe-to-use-c\u00e3o-grande-tourism-marketplace\"\r\n            data-bs-parent=\"#accordion_is-it-safe-to-use-c\u00e3o-grande-tourism-marketplace\"\r\n        >\r\n            <div class=\"accordion-body\">\r\n                C\u00c3O GRANDE Tourism marketplace takes security and safety seriously. We use industry-standard security measures to protect your personal and payment information, and we carefully vet all service providers before they are allowed to list their services on the platform.            <\/div>\r\n        <\/div>\r\n    <\/div>\r\n<\/div>\r\n\t\t\t\t<\/div>\n\t\t\t\t<\/div>\n\t\t\t\t<div class=\"elementor-element elementor-element-783a134 elementor-widget elementor-widget-st_faq\" data-id=\"783a134\" data-element_type=\"widget\" data-widget_type=\"st_faq.default\">\n\t\t\t\t<div class=\"elementor-widget-container\">\n\t\t\t\t\t<div class=\"accordion faq style1\" id=\"accordion_how-can-i-become-a-service-provider-on-c\u00e3o-grande-tourism-marketplace\">\r\n    <div class=\"accordion-item\">\r\n        <h2 class=\"accordion-header\" id=\"heading_how-can-i-become-a-service-provider-on-c\u00e3o-grande-tourism-marketplace\">\r\n            <button class=\"accordion-button   collapsed\"\r\n                type=\"button\"\r\n                data-bs-toggle=\"collapse\"\r\n                data-bs-target=\"#st-how-can-i-become-a-service-provider-on-c\u00e3o-grande-tourism-marketplace\"\r\n                aria-expanded=\"false\"\r\n                aria-controls=\"how-can-i-become-a-service-provider-on-c\u00e3o-grande-tourism-marketplace\"\r\n            >\r\n                How can I become a service provider on C\u00c3O GRANDE Tourism marketplace?            <\/button>\r\n        <\/h2>\r\n        <div id=\"st-how-can-i-become-a-service-provider-on-c\u00e3o-grande-tourism-marketplace\" class=\"accordion-collapse collapse \"\r\n            aria-labelledby=\"heading_how-can-i-become-a-service-provider-on-c\u00e3o-grande-tourism-marketplace\"\r\n            data-bs-parent=\"#accordion_how-can-i-become-a-service-provider-on-c\u00e3o-grande-tourism-marketplace\"\r\n        >\r\n            <div class=\"accordion-body\">\r\n                If you are a local partner offering tourism services in S\u00e3o Tom\u00e9 and Principe, you can apply to become a service provider on C\u00c3O GRANDE Tourism marketplace by filling out an application form on the website or app. Our team will review your application and get in touch with you to discuss the next steps.            <\/div>\r\n        <\/div>\r\n    <\/div>\r\n<\/div>\r\n\t\t\t\t<\/div>\n\t\t\t\t<\/div>\n\t\t\t\t<div class=\"elementor-element elementor-element-6552de8 elementor-widget elementor-widget-st_faq\" data-id=\"6552de8\" data-element_type=\"widget\" data-widget_type=\"st_faq.default\">\n\t\t\t\t<div class=\"elementor-widget-container\">\n\t\t\t\t\t<div class=\"accordion faq style1\" id=\"accordion_what-makes-c\u00e3o-grande-unique\">\r\n    <div class=\"accordion-item\">\r\n        <h2 class=\"accordion-header\" id=\"heading_what-makes-c\u00e3o-grande-unique\">\r\n            <button class=\"accordion-button   collapsed\"\r\n                type=\"button\"\r\n                data-bs-toggle=\"collapse\"\r\n                data-bs-target=\"#st-what-makes-c\u00e3o-grande-unique\"\r\n                aria-expanded=\"false\"\r\n                aria-controls=\"what-makes-c\u00e3o-grande-unique\"\r\n            >\r\n                What makes C\u00c3O GRANDE unique?            <\/button>\r\n        <\/h2>\r\n        <div id=\"st-what-makes-c\u00e3o-grande-unique\" class=\"accordion-collapse collapse \"\r\n            aria-labelledby=\"heading_what-makes-c\u00e3o-grande-unique\"\r\n            data-bs-parent=\"#accordion_what-makes-c\u00e3o-grande-unique\"\r\n        >\r\n            <div class=\"accordion-body\">\r\n                C\u00c3O GRANDE Tourism Marketplace of S\u00e3o Tom\u00e9 and Principe is unique for several reasons: \n\n\n   1. Focus on S\u00e3o Tom\u00e9 and Principe: C\u00c3O GRANDE is dedicated to promoting tourism in S\u00e3o Tom\u00e9 and Principe. This makes it an ideal platform for anyone looking to promote their services or products in the country.\n\n    2. Comprehensive platform: C\u00c3O GRANDE offers a comprehensive platform for tourism services, including accommodation, tours, transportation, and more. This makes it easy for travelers to plan their entire trip in one place.\n\n    3. Local expertise: C\u00c3O GRANDE has a team of local experts who know S\u00e3o Tom\u00e9 and Principe inside and out. They can provide valuable insights and assistance to both travelers and partners.\n\n    4. Community-driven: C\u00c3O GRANDE is committed to supporting local communities in S\u00e3o Tom\u00e9 and Principe. By partnering with local businesses and organizations, C\u00c3O GRANDE helps to promote sustainable tourism in the region.\n\nOverall, C\u00c3O GRANDE offers a unique platform that combines local expertise with a comprehensive range of tourism services. This makes it an ideal choice for anyone looking to explore S\u00e3o Tom\u00e9 and Principe.            <\/div>\r\n        <\/div>\r\n    <\/div>\r\n<\/div>\r\n\t\t\t\t<\/div>\n\t\t\t\t<\/div>\n\t\t\t\t\t<\/div>\n\t\t\t\t<\/div>\n\t\t\t\t<\/div>\n\t\t","protected":false},"excerpt":{"rendered":"<p>Voici quelques questions fr\u00e9quemment pos\u00e9es sur le march\u00e9 touristique de S\u00e3o Tom\u00e9 et Principe de C\u00c3O GRANDE : What is C\u00c3O GRANDE Tourism marketplace? C\u00c3O GRANDE Tourism marketplace is an online platform that connects travelers with local partners offering tourism services in S\u00e3o Tom\u00e9 and Principe. How do I book a service on C\u00c3O GRANDE [&hellip;]<\/p>\n","protected":false},"author":1,"featured_media":17246,"parent":0,"menu_order":0,"comment_status":"closed","ping_status":"closed","template":"","meta":{"_uag_custom_page_level_css":"","footnotes":""},"class_list":["post-19027","page","type-page","status-publish","has-post-thumbnail","hentry"],"aioseo_notices":[],"yoast_head":"<!-- This site is optimized with the Yoast SEO plugin v25.0 - https:\/\/yoast.com\/wordpress\/plugins\/seo\/ -->\n<title>Questions fr\u00e9quemment pos\u00e9es - C\u00c3O GRANDE MARKETPLACE<\/title>\n<meta name=\"robots\" content=\"index, follow, max-snippet:-1, max-image-preview:large, max-video-preview:-1\" \/>\n<link rel=\"canonical\" href=\"https:\/\/caogrande.com\/fr\/frequently-asked-questions\/\" \/>\n<meta property=\"og:locale\" content=\"fr_FR\" \/>\n<meta property=\"og:type\" content=\"article\" \/>\n<meta property=\"og:title\" content=\"Questions fr\u00e9quemment pos\u00e9es - C\u00c3O GRANDE MARKETPLACE\" \/>\n<meta property=\"og:description\" content=\"Voici quelques questions fr\u00e9quemment pos\u00e9es sur le march\u00e9 touristique de S\u00e3o Tom\u00e9 et Principe de C\u00c3O GRANDE : What is C\u00c3O GRANDE Tourism marketplace? C\u00c3O GRANDE Tourism marketplace is an online platform that connects travelers with local partners offering tourism services in S\u00e3o Tom\u00e9 and Principe. How do I book a service on C\u00c3O GRANDE [&hellip;]\" \/>\n<meta property=\"og:url\" content=\"https:\/\/caogrande.com\/fr\/frequently-asked-questions\/\" \/>\n<meta property=\"og:site_name\" content=\"C\u00c3O GRANDE MARKETPLACE\" \/>\n<meta property=\"article:modified_time\" content=\"2023-11-08T18:34:50+00:00\" \/>\n<meta property=\"og:image\" content=\"https:\/\/caogrande.com\/wp-content\/uploads\/2015\/02\/340-scaled-1.jpg\" \/>\n\t<meta property=\"og:image:width\" content=\"2560\" \/>\n\t<meta property=\"og:image:height\" content=\"2560\" \/>\n\t<meta property=\"og:image:type\" content=\"image\/jpeg\" \/>\n<meta name=\"twitter:card\" content=\"summary_large_image\" \/>\n<meta name=\"twitter:label1\" content=\"Dur\u00e9e de lecture estim\u00e9e\" \/>\n\t<meta name=\"twitter:data1\" content=\"3 minutes\" \/>\n<script type=\"application\/ld+json\" class=\"yoast-schema-graph\">{\"@context\":\"https:\/\/schema.org\",\"@graph\":[{\"@type\":\"WebPage\",\"@id\":\"https:\/\/caogrande.com\/fr\/frequently-asked-questions\/\",\"url\":\"https:\/\/caogrande.com\/fr\/frequently-asked-questions\/\",\"name\":\"Questions fr\u00e9quemment pos\u00e9es - C\u00c3O GRANDE MARKETPLACE\",\"isPartOf\":{\"@id\":\"http:\/\/caogrande.com\/fr\/#website\"},\"primaryImageOfPage\":{\"@id\":\"https:\/\/caogrande.com\/fr\/frequently-asked-questions\/#primaryimage\"},\"image\":{\"@id\":\"https:\/\/caogrande.com\/fr\/frequently-asked-questions\/#primaryimage\"},\"thumbnailUrl\":\"https:\/\/caogrande.com\/wp-content\/uploads\/2015\/02\/340-scaled-1.jpg\",\"datePublished\":\"2023-02-22T19:33:16+00:00\",\"dateModified\":\"2023-11-08T18:34:50+00:00\",\"breadcrumb\":{\"@id\":\"https:\/\/caogrande.com\/fr\/frequently-asked-questions\/#breadcrumb\"},\"inLanguage\":\"fr-FR\",\"potentialAction\":[{\"@type\":\"ReadAction\",\"target\":[\"https:\/\/caogrande.com\/fr\/frequently-asked-questions\/\"]}]},{\"@type\":\"ImageObject\",\"inLanguage\":\"fr-FR\",\"@id\":\"https:\/\/caogrande.com\/fr\/frequently-asked-questions\/#primaryimage\",\"url\":\"https:\/\/caogrande.com\/wp-content\/uploads\/2015\/02\/340-scaled-1.jpg\",\"contentUrl\":\"https:\/\/caogrande.com\/wp-content\/uploads\/2015\/02\/340-scaled-1.jpg\",\"width\":2560,\"height\":2560},{\"@type\":\"BreadcrumbList\",\"@id\":\"https:\/\/caogrande.com\/fr\/frequently-asked-questions\/#breadcrumb\",\"itemListElement\":[{\"@type\":\"ListItem\",\"position\":1,\"name\":\"Home\",\"item\":\"http:\/\/caogrande.com\/fr\/\"},{\"@type\":\"ListItem\",\"position\":2,\"name\":\"Questions fr\u00e9quemment pos\u00e9es\"}]},{\"@type\":\"WebSite\",\"@id\":\"http:\/\/caogrande.com\/fr\/#website\",\"url\":\"http:\/\/caogrande.com\/fr\/\",\"name\":\"C\u00c3O GRANDE MARKETPLACE\",\"description\":\"The only market dedicated to tourism in S\u00e3o Tom\u00e9 and Pr\u00edncipe\",\"potentialAction\":[{\"@type\":\"SearchAction\",\"target\":{\"@type\":\"EntryPoint\",\"urlTemplate\":\"http:\/\/caogrande.com\/fr\/?s={search_term_string}\"},\"query-input\":{\"@type\":\"PropertyValueSpecification\",\"valueRequired\":true,\"valueName\":\"search_term_string\"}}],\"inLanguage\":\"fr-FR\"}]}<\/script>\n<!-- \/ Yoast SEO plugin. -->","yoast_head_json":{"title":"Questions fr\u00e9quemment pos\u00e9es - C\u00c3O GRANDE MARKETPLACE","robots":{"index":"index","follow":"follow","max-snippet":"max-snippet:-1","max-image-preview":"max-image-preview:large","max-video-preview":"max-video-preview:-1"},"canonical":"https:\/\/caogrande.com\/fr\/frequently-asked-questions\/","og_locale":"fr_FR","og_type":"article","og_title":"Questions fr\u00e9quemment pos\u00e9es - C\u00c3O GRANDE MARKETPLACE","og_description":"Voici quelques questions fr\u00e9quemment pos\u00e9es sur le march\u00e9 touristique de S\u00e3o Tom\u00e9 et Principe de C\u00c3O GRANDE : What is C\u00c3O GRANDE Tourism marketplace? C\u00c3O GRANDE Tourism marketplace is an online platform that connects travelers with local partners offering tourism services in S\u00e3o Tom\u00e9 and Principe. How do I book a service on C\u00c3O GRANDE [&hellip;]","og_url":"https:\/\/caogrande.com\/fr\/frequently-asked-questions\/","og_site_name":"C\u00c3O GRANDE MARKETPLACE","article_modified_time":"2023-11-08T18:34:50+00:00","og_image":[{"width":2560,"height":2560,"url":"https:\/\/caogrande.com\/wp-content\/uploads\/2015\/02\/340-scaled-1.jpg","type":"image\/jpeg"}],"twitter_card":"summary_large_image","twitter_misc":{"Dur\u00e9e de lecture estim\u00e9e":"3 minutes"},"schema":{"@context":"https:\/\/schema.org","@graph":[{"@type":"WebPage","@id":"https:\/\/caogrande.com\/fr\/frequently-asked-questions\/","url":"https:\/\/caogrande.com\/fr\/frequently-asked-questions\/","name":"Questions fr\u00e9quemment pos\u00e9es - C\u00c3O GRANDE MARKETPLACE","isPartOf":{"@id":"http:\/\/caogrande.com\/fr\/#website"},"primaryImageOfPage":{"@id":"https:\/\/caogrande.com\/fr\/frequently-asked-questions\/#primaryimage"},"image":{"@id":"https:\/\/caogrande.com\/fr\/frequently-asked-questions\/#primaryimage"},"thumbnailUrl":"https:\/\/caogrande.com\/wp-content\/uploads\/2015\/02\/340-scaled-1.jpg","datePublished":"2023-02-22T19:33:16+00:00","dateModified":"2023-11-08T18:34:50+00:00","breadcrumb":{"@id":"https:\/\/caogrande.com\/fr\/frequently-asked-questions\/#breadcrumb"},"inLanguage":"fr-FR","potentialAction":[{"@type":"ReadAction","target":["https:\/\/caogrande.com\/fr\/frequently-asked-questions\/"]}]},{"@type":"ImageObject","inLanguage":"fr-FR","@id":"https:\/\/caogrande.com\/fr\/frequently-asked-questions\/#primaryimage","url":"https:\/\/caogrande.com\/wp-content\/uploads\/2015\/02\/340-scaled-1.jpg","contentUrl":"https:\/\/caogrande.com\/wp-content\/uploads\/2015\/02\/340-scaled-1.jpg","width":2560,"height":2560},{"@type":"BreadcrumbList","@id":"https:\/\/caogrande.com\/fr\/frequently-asked-questions\/#breadcrumb","itemListElement":[{"@type":"ListItem","position":1,"name":"Home","item":"http:\/\/caogrande.com\/fr\/"},{"@type":"ListItem","position":2,"name":"Questions fr\u00e9quemment pos\u00e9es"}]},{"@type":"WebSite","@id":"http:\/\/caogrande.com\/fr\/#website","url":"http:\/\/caogrande.com\/fr\/","name":"C\u00c3O GRANDE MARKETPLACE","description":"The only market dedicated to tourism in S\u00e3o Tom\u00e9 and Pr\u00edncipe","potentialAction":[{"@type":"SearchAction","target":{"@type":"EntryPoint","urlTemplate":"http:\/\/caogrande.com\/fr\/?s={search_term_string}"},"query-input":{"@type":"PropertyValueSpecification","valueRequired":true,"valueName":"search_term_string"}}],"inLanguage":"fr-FR"}]}},"uagb_featured_image_src":{"full":["https:\/\/caogrande.com\/wp-content\/uploads\/2015\/02\/340-scaled-1.jpg",2560,2560,false],"thumbnail":["https:\/\/caogrande.com\/wp-content\/uploads\/2015\/02\/340-scaled-1-150x150.jpg",150,150,true],"medium":["https:\/\/caogrande.com\/wp-content\/uploads\/2015\/02\/340-scaled-1-300x300.jpg",300,300,true],"medium_large":["https:\/\/caogrande.com\/wp-content\/uploads\/2015\/02\/340-scaled-1-768x768.jpg",768,768,true],"large":["https:\/\/caogrande.com\/wp-content\/uploads\/2015\/02\/340-scaled-1-1024x1024.jpg",1024,1024,true],"1536x1536":["https:\/\/caogrande.com\/wp-content\/uploads\/2015\/02\/340-scaled-1-1536x1536.jpg",1536,1536,true],"2048x2048":["https:\/\/caogrande.com\/wp-content\/uploads\/2015\/02\/340-scaled-1-2048x2048.jpg",2048,2048,true]},"uagb_author_info":{"display_name":"C\u00e3o Grande","author_link":"https:\/\/caogrande.com\/fr\/author\/masterconsult\/"},"uagb_comment_info":0,"uagb_excerpt":"Voici quelques questions fr\u00e9quemment pos\u00e9es sur le march\u00e9 touristique de S\u00e3o Tom\u00e9 et Principe de C\u00c3O GRANDE : What is C\u00c3O GRANDE Tourism marketplace? C\u00c3O GRANDE Tourism marketplace is an online platform that connects travelers with local partners offering tourism services in S\u00e3o Tom\u00e9 and Principe. How do I book a service on C\u00c3O GRANDE\u2026","_links":{"self":[{"href":"https:\/\/caogrande.com\/fr\/wp-json\/wp\/v2\/pages\/19027","targetHints":{"allow":["GET"]}}],"collection":[{"href":"https:\/\/caogrande.com\/fr\/wp-json\/wp\/v2\/pages"}],"about":[{"href":"https:\/\/caogrande.com\/fr\/wp-json\/wp\/v2\/types\/page"}],"author":[{"embeddable":true,"href":"https:\/\/caogrande.com\/fr\/wp-json\/wp\/v2\/users\/1"}],"replies":[{"embeddable":true,"href":"https:\/\/caogrande.com\/fr\/wp-json\/wp\/v2\/comments?post=19027"}],"version-history":[{"count":2,"href":"https:\/\/caogrande.com\/fr\/wp-json\/wp\/v2\/pages\/19027\/revisions"}],"predecessor-version":[{"id":19315,"href":"https:\/\/caogrande.com\/fr\/wp-json\/wp\/v2\/pages\/19027\/revisions\/19315"}],"wp:featuredmedia":[{"embeddable":true,"href":"https:\/\/caogrande.com\/fr\/wp-json\/wp\/v2\/media\/17246"}],"wp:attachment":[{"href":"https:\/\/caogrande.com\/fr\/wp-json\/wp\/v2\/media?parent=19027"}],"curies":[{"name":"wp","href":"https:\/\/api.w.org\/{rel}","templated":true}]}}