{"id":19023,"date":"2022-04-14T01:27:33","date_gmt":"2022-04-14T01:27:33","guid":{"rendered":"https:\/\/caogrande.com\/contact\/"},"modified":"2023-11-08T18:05:48","modified_gmt":"2023-11-08T18:05:48","slug":"contact","status":"publish","type":"page","link":"https:\/\/caogrande.com\/fr\/contact\/","title":{"rendered":"Contact"},"content":{"rendered":"\t\t<div data-elementor-type=\"wp-page\" data-elementor-id=\"19023\" class=\"elementor elementor-19023 elementor-707\" data-elementor-post-type=\"page\">\n\t\t\t\t<div class=\"elementor-element elementor-element-edb41a9 e-flex e-con-boxed e-con e-parent\" data-id=\"edb41a9\" data-element_type=\"container\">\n\t\t\t\t\t<div class=\"e-con-inner\">\n\t\t\t\t<div class=\"elementor-element elementor-element-ca5338d elementor-widget elementor-widget-google_maps\" data-id=\"ca5338d\" data-element_type=\"widget\" data-widget_type=\"google_maps.default\">\n\t\t\t\t<div class=\"elementor-widget-container\">\n\t\t\t\t\t\t\t<div class=\"elementor-custom-embed\">\n\t\t\t<iframe loading=\"lazy\"\n\t\t\t\t\tsrc=\"https:\/\/www.google.com\/maps\/embed\/v1\/place?key=AIzaSyD_mvw2zZtbTI4CrlzB0zqInC6jYXfhsQw&#038;q=5%2C%20Largo%20das%20Na%C3%A7%C3%B5es%20Unidas%2C%20S%C3%A3o%20Tom%C3%A9%2C%20S%C3%A3o%20Tom%C3%A9%20e%20Pr%C3%ADncipe&#038;zoom=17\"\n\t\t\t\t\ttitle=\"5, Largo das Na\u00e7\u00f5es Unidas, S\u00e3o Tom\u00e9, S\u00e3o Tom\u00e9 e Pr\u00edncipe\"\n\t\t\t\t\taria-label=\"5, Largo das Na\u00e7\u00f5es Unidas, S\u00e3o Tom\u00e9, S\u00e3o Tom\u00e9 e Pr\u00edncipe\"\n\t\t\t><\/iframe>\n\t\t<\/div>\n\t\t\t\t\t\t<\/div>\n\t\t\t\t<\/div>\n\t\t\t\t\t<\/div>\n\t\t\t\t<\/div>\n\t\t\t\t<section class=\"elementor-section elementor-top-section elementor-element elementor-element-7286bf4b elementor-section-content-middle elementor-section-boxed elementor-section-height-default elementor-section-height-default\" data-id=\"7286bf4b\" data-element_type=\"section\">\n\t\t\t\t\t\t<div class=\"elementor-container elementor-column-gap-default\">\n\t\t\t\t\t<div class=\"elementor-column elementor-col-50 elementor-top-column elementor-element elementor-element-4fc8b9e5\" data-id=\"4fc8b9e5\" data-element_type=\"column\">\n\t\t\t<div class=\"elementor-widget-wrap elementor-element-populated\">\n\t\t\t\t\t\t<div class=\"elementor-element elementor-element-2a2ce934 elementor-widget elementor-widget-heading\" data-id=\"2a2ce934\" data-element_type=\"widget\" data-widget_type=\"heading.default\">\n\t\t\t\t<div class=\"elementor-widget-container\">\n\t\t\t\t\t<h2 class=\"elementor-heading-title elementor-size-default\">Informations sur les contacts<\/h2>\t\t\t\t<\/div>\n\t\t\t\t<\/div>\n\t\t\t\t<div class=\"elementor-element elementor-element-6bbd8299 elementor-widget elementor-widget-heading\" data-id=\"6bbd8299\" data-element_type=\"widget\" data-widget_type=\"heading.default\">\n\t\t\t\t<div class=\"elementor-widget-container\">\n\t\t\t\t\t<h2 class=\"elementor-heading-title elementor-size-default\">MARCH\u00c9 DE C\u00c3O GRANDE<br>\nEVENTUR ECOTRAVEL LDA<\/h2>\t\t\t\t<\/div>\n\t\t\t\t<\/div>\n\t\t\t\t<div class=\"elementor-element elementor-element-427920a1 elementor-position-left elementor-vertical-align-middle elementor-mobile-position-left elementor-view-default elementor-widget elementor-widget-icon-box\" data-id=\"427920a1\" data-element_type=\"widget\" data-widget_type=\"icon-box.default\">\n\t\t\t\t<div class=\"elementor-widget-container\">\n\t\t\t\t\t            <div class=\"elementor-icon-box-wrapper \">\r\n                                                        <div class=\"elementor-icon-box-icon\">\r\n                        <span class=\"elementor-icon elementor-animation-\" >\r\n                                                <\/span>\r\n                    <\/div>\r\n                                     \r\n                <div class=\"elementor-icon-box-content\">\r\n                                       <h3 class=\"elementor-icon-box-title \">\r\n                        <span   style=\"display:block;\">\r\n                       \r\n                         Le bureau des Nations unies                        <\/span>\r\n                    <\/h3>\r\n                                            <p class=\"elementor-icon-box-description\">\r\n                            District de \u00c1gua Grande - S\u00e3o Tom\u00e9                        <\/p>\r\n                                    <\/div>\r\n            <\/div>\r\n            \t\t\t\t<\/div>\n\t\t\t\t<\/div>\n\t\t\t\t<div class=\"elementor-element elementor-element-58f2cd5b elementor-widget-divider--view-line elementor-widget elementor-widget-divider\" data-id=\"58f2cd5b\" data-element_type=\"widget\" data-widget_type=\"divider.default\">\n\t\t\t\t<div class=\"elementor-widget-container\">\n\t\t\t\t\t\t\t<div class=\"elementor-divider\">\n\t\t\t<span class=\"elementor-divider-separator\">\n\t\t\t\t\t\t<\/span>\n\t\t<\/div>\n\t\t\t\t\t\t<\/div>\n\t\t\t\t<\/div>\n\t\t\t\t<div class=\"elementor-element elementor-element-18a154ec elementor-position-left elementor-vertical-align-middle elementor-mobile-position-left elementor-view-default elementor-widget elementor-widget-icon-box\" data-id=\"18a154ec\" data-element_type=\"widget\" data-widget_type=\"icon-box.default\">\n\t\t\t\t<div class=\"elementor-widget-container\">\n\t\t\t\t\t            <div class=\"elementor-icon-box-wrapper \">\r\n                                                        <div class=\"elementor-icon-box-icon\">\r\n                        <span class=\"elementor-icon elementor-animation-\" >\r\n                                                <\/span>\r\n                    <\/div>\r\n                                     \r\n                <div class=\"elementor-icon-box-content\">\r\n                                       <h3 class=\"elementor-icon-box-title \">\r\n                        <span   style=\"display:block;\">\r\n                       \r\n                         +239 904 50 00                        <\/span>\r\n                    <\/h3>\r\n                                    <\/div>\r\n            <\/div>\r\n            \t\t\t\t<\/div>\n\t\t\t\t<\/div>\n\t\t\t\t<div class=\"elementor-element elementor-element-3d492a61 elementor-widget-divider--view-line elementor-widget elementor-widget-divider\" data-id=\"3d492a61\" data-element_type=\"widget\" data-widget_type=\"divider.default\">\n\t\t\t\t<div class=\"elementor-widget-container\">\n\t\t\t\t\t\t\t<div class=\"elementor-divider\">\n\t\t\t<span class=\"elementor-divider-separator\">\n\t\t\t\t\t\t<\/span>\n\t\t<\/div>\n\t\t\t\t\t\t<\/div>\n\t\t\t\t<\/div>\n\t\t\t\t<div class=\"elementor-element elementor-element-b79049e elementor-position-left elementor-vertical-align-middle elementor-mobile-position-left elementor-view-default elementor-widget elementor-widget-icon-box\" data-id=\"b79049e\" data-element_type=\"widget\" data-widget_type=\"icon-box.default\">\n\t\t\t\t<div class=\"elementor-widget-container\">\n\t\t\t\t\t            <div class=\"elementor-icon-box-wrapper \">\r\n                                                        <div class=\"elementor-icon-box-icon\">\r\n                        <span class=\"elementor-icon elementor-animation-\" >\r\n                                                <\/span>\r\n                    <\/div>\r\n                                     \r\n                <div class=\"elementor-icon-box-content\">\r\n                                       <h3 class=\"elementor-icon-box-title \">\r\n                        <span   style=\"display:block;\">\r\n                       \r\n                         info@caogrande.st                        <\/span>\r\n                    <\/h3>\r\n                                    <\/div>\r\n            <\/div>\r\n            \t\t\t\t<\/div>\n\t\t\t\t<\/div>\n\t\t\t\t\t<\/div>\n\t\t<\/div>\n\t\t\t\t<div class=\"elementor-column elementor-col-50 elementor-top-column elementor-element elementor-element-b80a6ce\" data-id=\"b80a6ce\" data-element_type=\"column\">\n\t\t\t<div class=\"elementor-widget-wrap elementor-element-populated\">\n\t\t\t\t\t\t<div class=\"elementor-element elementor-element-10e6865 elementor-widget elementor-widget-shortcode\" data-id=\"10e6865\" data-element_type=\"widget\" data-widget_type=\"shortcode.default\">\n\t\t\t\t<div class=\"elementor-widget-container\">\n\t\t\t\t\t\t\t<div class=\"elementor-shortcode\">\n<div class=\"wpcf7 no-js\" id=\"wpcf7-f19602-o1\" lang=\"fr-FR\" dir=\"ltr\" data-wpcf7-id=\"19602\">\n<div class=\"screen-reader-response\"><p role=\"status\" aria-live=\"polite\" aria-atomic=\"true\"><\/p> <ul><\/ul><\/div>\n<form action=\"\/fr\/wp-json\/wp\/v2\/pages\/19023#wpcf7-f19602-o1\" method=\"post\" class=\"wpcf7-form init\" aria-label=\"Formulaire de contact\" novalidate=\"novalidate\" data-status=\"init\">\n<div style=\"display: none;\">\n<input type=\"hidden\" name=\"_wpcf7\" value=\"19602\" \/>\n<input type=\"hidden\" name=\"_wpcf7_version\" value=\"6.0.6\" \/>\n<input type=\"hidden\" name=\"_wpcf7_locale\" value=\"fr_FR\" \/>\n<input type=\"hidden\" name=\"_wpcf7_unit_tag\" value=\"wpcf7-f19602-o1\" \/>\n<input type=\"hidden\" name=\"_wpcf7_container_post\" value=\"0\" \/>\n<input type=\"hidden\" name=\"_wpcf7_posted_data_hash\" value=\"\" \/>\n<input type=\"hidden\" name=\"_wpcf7_recaptcha_response\" value=\"\" \/>\n<\/div>\n<div class=\"st-contact-form st-border-new\">\n\t<h3>Envoyer un message\n\t\t<div class=\"mt30\">\n\t\t\t<div class=\"row\">\n\t\t\t\t<div class=\"col-md-6\">\n\t\t\t\t\t<div class=\"form-group\">\n\t\t\t\t\t\t<p><span class=\"wpcf7-form-control-wrap\" data-name=\"your-name\"><input size=\"40\" maxlength=\"400\" class=\"wpcf7-form-control wpcf7-text form-control\" id=\"name\" aria-invalid=\"false\" placeholder=\"Votre nom*\" value=\"\" type=\"text\" name=\"your-name\" \/><\/span>\n\t\t\t\t\t\t<\/p>\n\t\t\t\t\t<\/div>\n\t\t\t\t<\/div>\n\t\t\t\t<div class=\"col-md-6\">\n\t\t\t\t\t<div class=\"form-group\">\n\t\t\t\t\t\t<p><span class=\"wpcf7-form-control-wrap\" data-name=\"your-phone\"><input size=\"40\" maxlength=\"400\" class=\"wpcf7-form-control wpcf7-tel wpcf7-text wpcf7-validates-as-tel form-control\" id=\"phone\" aria-invalid=\"false\" placeholder=\"Num\u00e9ro de t\u00e9l\u00e9phone\" value=\"\" type=\"tel\" name=\"your-phone\" \/><\/span>\n\t\t\t\t\t\t<\/p>\n\t\t\t\t\t<\/div>\n\t\t\t\t<\/div>\n\t\t\t<\/div>\n\t\t\t<div class=\"row\">\n\t\t\t\t<div class=\"col-md-12\">\n\t\t\t\t\t<div class=\"form-group\">\n\t\t\t\t\t\t<p><span class=\"wpcf7-form-control-wrap\" data-name=\"email-139\"><input size=\"40\" maxlength=\"400\" class=\"wpcf7-form-control wpcf7-email wpcf7-validates-as-required wpcf7-text wpcf7-validates-as-email form-control\" id=\"email\" aria-required=\"true\" aria-invalid=\"false\" placeholder=\"Votre email*\" value=\"\" type=\"email\" name=\"email-139\" \/><\/span>\n\t\t\t\t\t\t<\/p>\n\t\t\t\t\t<\/div>\n\t\t\t\t<\/div>\n\t\t\t<\/div>\n\t\t\t<div class=\"form-group\">\n\t\t\t\t<p><span class=\"wpcf7-form-control-wrap\" data-name=\"message\"><textarea cols=\"40\" rows=\"10\" maxlength=\"2000\" class=\"wpcf7-form-control wpcf7-textarea form-control\" id=\"message\" aria-invalid=\"false\" placeholder=\"Message\" name=\"message\"><\/textarea><\/span>\n\t\t\t\t<\/p>\n\t\t\t<\/div>\n\t\t<span class=\"wpcf7-form-control-wrap recaptcha\" data-name=\"recaptcha\"><span data-sitekey=\"6Ld8u3wqAAAAAMUakeu_Fu4201LZ0xR5QXNxTiaP\" class=\"wpcf7-form-control wpcf7-recaptcha g-recaptcha\"><\/span>\r\n<noscript>\r\n\t<div class=\"grecaptcha-noscript\">\r\n\t\t<iframe src=\"https:\/\/www.google.com\/recaptcha\/api\/fallback?k=6Ld8u3wqAAAAAMUakeu_Fu4201LZ0xR5QXNxTiaP\" frameborder=\"0\" scrolling=\"no\" width=\"310\" height=\"430\">\r\n\t\t<\/iframe>\r\n\t\t<textarea name=\"g-recaptcha-response\" rows=\"3\" cols=\"40\" placeholder=\"reCaptcha Response Here\">\r\n\t\t<\/textarea>\r\n\t<\/div>\r\n<\/noscript>\r\n<\/span>\n\t\t\t<div class=\"st-button-subbmit\">\n\t\t\t\t<p><input class=\"wpcf7-form-control wpcf7-submit has-spinner btn text-center btn-v2 btn-primary\" type=\"submit\" value=\"Submit\" \/>\n\t\t\t\t<\/p>\n\t\t\t<\/div>\n\t\t<\/div>\n\t<\/h3>\n<\/div><div class=\"wpcf7-response-output\" aria-hidden=\"true\"><\/div>\n<\/form>\n<\/div>\n<\/div>\n\t\t\t\t\t\t<\/div>\n\t\t\t\t<\/div>\n\t\t\t\t\t<\/div>\n\t\t<\/div>\n\t\t\t\t\t<\/div>\n\t\t<\/section>\n\t\t\t\t<\/div>\n\t\t","protected":false},"excerpt":{"rendered":"<p>Contact information C\u00c3O GRANDE MARKETPLACEEVENTUR ECOTRAVEL LDA Largo Das Na\u00e7\u00f5es Unidas Distrito de \u00c1gua Grande &#8211; S\u00e3o Tom\u00e9 +239 904 50 00 info@caogrande.st<\/p>\n","protected":false},"author":1,"featured_media":0,"parent":0,"menu_order":0,"comment_status":"closed","ping_status":"closed","template":"template-blank.php","meta":{"_uag_custom_page_level_css":"","footnotes":""},"class_list":["post-19023","page","type-page","status-publish","has-post-thumbnail","hentry"],"aioseo_notices":[],"yoast_head":"<!-- This site is optimized with the Yoast SEO plugin v25.0 - https:\/\/yoast.com\/wordpress\/plugins\/seo\/ -->\n<title>Contact - C\u00c3O GRANDE MARKETPLACE<\/title>\n<meta name=\"robots\" content=\"index, follow, max-snippet:-1, max-image-preview:large, max-video-preview:-1\" \/>\n<link rel=\"canonical\" href=\"https:\/\/caogrande.com\/fr\/contact\/\" \/>\n<meta property=\"og:locale\" content=\"fr_FR\" \/>\n<meta property=\"og:type\" content=\"article\" \/>\n<meta property=\"og:title\" content=\"Contact - C\u00c3O GRANDE MARKETPLACE\" \/>\n<meta property=\"og:description\" content=\"Contact information C\u00c3O GRANDE MARKETPLACEEVENTUR ECOTRAVEL LDA Largo Das Na\u00e7\u00f5es Unidas Distrito de \u00c1gua Grande &#8211; S\u00e3o Tom\u00e9 +239 904 50 00 info@caogrande.st\" \/>\n<meta property=\"og:url\" content=\"https:\/\/caogrande.com\/fr\/contact\/\" \/>\n<meta property=\"og:site_name\" content=\"C\u00c3O GRANDE MARKETPLACE\" \/>\n<meta property=\"article:modified_time\" content=\"2023-11-08T18:05:48+00:00\" \/>\n<meta name=\"twitter:card\" content=\"summary_large_image\" \/>\n<script type=\"application\/ld+json\" class=\"yoast-schema-graph\">{\"@context\":\"https:\/\/schema.org\",\"@graph\":[{\"@type\":\"WebPage\",\"@id\":\"https:\/\/caogrande.com\/fr\/contact\/\",\"url\":\"https:\/\/caogrande.com\/fr\/contact\/\",\"name\":\"Contact - C\u00c3O GRANDE MARKETPLACE\",\"isPartOf\":{\"@id\":\"http:\/\/caogrande.com\/fr\/#website\"},\"datePublished\":\"2022-04-14T01:27:33+00:00\",\"dateModified\":\"2023-11-08T18:05:48+00:00\",\"breadcrumb\":{\"@id\":\"https:\/\/caogrande.com\/fr\/contact\/#breadcrumb\"},\"inLanguage\":\"fr-FR\",\"potentialAction\":[{\"@type\":\"ReadAction\",\"target\":[\"https:\/\/caogrande.com\/fr\/contact\/\"]}]},{\"@type\":\"BreadcrumbList\",\"@id\":\"https:\/\/caogrande.com\/fr\/contact\/#breadcrumb\",\"itemListElement\":[{\"@type\":\"ListItem\",\"position\":1,\"name\":\"Home\",\"item\":\"http:\/\/caogrande.com\/fr\/\"},{\"@type\":\"ListItem\",\"position\":2,\"name\":\"Contact\"}]},{\"@type\":\"WebSite\",\"@id\":\"http:\/\/caogrande.com\/fr\/#website\",\"url\":\"http:\/\/caogrande.com\/fr\/\",\"name\":\"C\u00c3O GRANDE MARKETPLACE\",\"description\":\"The only market dedicated to tourism in S\u00e3o Tom\u00e9 and Pr\u00edncipe\",\"potentialAction\":[{\"@type\":\"SearchAction\",\"target\":{\"@type\":\"EntryPoint\",\"urlTemplate\":\"http:\/\/caogrande.com\/fr\/?s={search_term_string}\"},\"query-input\":{\"@type\":\"PropertyValueSpecification\",\"valueRequired\":true,\"valueName\":\"search_term_string\"}}],\"inLanguage\":\"fr-FR\"}]}<\/script>\n<!-- \/ Yoast SEO plugin. -->","yoast_head_json":{"title":"Contact - C\u00c3O GRANDE MARKETPLACE","robots":{"index":"index","follow":"follow","max-snippet":"max-snippet:-1","max-image-preview":"max-image-preview:large","max-video-preview":"max-video-preview:-1"},"canonical":"https:\/\/caogrande.com\/fr\/contact\/","og_locale":"fr_FR","og_type":"article","og_title":"Contact - C\u00c3O GRANDE MARKETPLACE","og_description":"Contact information C\u00c3O GRANDE MARKETPLACEEVENTUR ECOTRAVEL LDA Largo Das Na\u00e7\u00f5es Unidas Distrito de \u00c1gua Grande &#8211; S\u00e3o Tom\u00e9 +239 904 50 00 info@caogrande.st","og_url":"https:\/\/caogrande.com\/fr\/contact\/","og_site_name":"C\u00c3O GRANDE MARKETPLACE","article_modified_time":"2023-11-08T18:05:48+00:00","twitter_card":"summary_large_image","schema":{"@context":"https:\/\/schema.org","@graph":[{"@type":"WebPage","@id":"https:\/\/caogrande.com\/fr\/contact\/","url":"https:\/\/caogrande.com\/fr\/contact\/","name":"Contact - C\u00c3O GRANDE MARKETPLACE","isPartOf":{"@id":"http:\/\/caogrande.com\/fr\/#website"},"datePublished":"2022-04-14T01:27:33+00:00","dateModified":"2023-11-08T18:05:48+00:00","breadcrumb":{"@id":"https:\/\/caogrande.com\/fr\/contact\/#breadcrumb"},"inLanguage":"fr-FR","potentialAction":[{"@type":"ReadAction","target":["https:\/\/caogrande.com\/fr\/contact\/"]}]},{"@type":"BreadcrumbList","@id":"https:\/\/caogrande.com\/fr\/contact\/#breadcrumb","itemListElement":[{"@type":"ListItem","position":1,"name":"Home","item":"http:\/\/caogrande.com\/fr\/"},{"@type":"ListItem","position":2,"name":"Contact"}]},{"@type":"WebSite","@id":"http:\/\/caogrande.com\/fr\/#website","url":"http:\/\/caogrande.com\/fr\/","name":"C\u00c3O GRANDE MARKETPLACE","description":"The only market dedicated to tourism in S\u00e3o Tom\u00e9 and Pr\u00edncipe","potentialAction":[{"@type":"SearchAction","target":{"@type":"EntryPoint","urlTemplate":"http:\/\/caogrande.com\/fr\/?s={search_term_string}"},"query-input":{"@type":"PropertyValueSpecification","valueRequired":true,"valueName":"search_term_string"}}],"inLanguage":"fr-FR"}]}},"uagb_featured_image_src":{"full":["https:\/\/placehold.co\/600x400",900,600],"thumbnail":["https:\/\/placehold.co\/600x400",900,600],"medium":["https:\/\/placehold.co\/600x400",900,600],"medium_large":["https:\/\/placehold.co\/600x400",900,600],"large":["https:\/\/placehold.co\/600x400",900,600],"1536x1536":["https:\/\/placehold.co\/600x400",900,600],"2048x2048":["https:\/\/placehold.co\/600x400",900,600]},"uagb_author_info":{"display_name":"C\u00e3o Grande","author_link":"https:\/\/caogrande.com\/fr\/author\/masterconsult\/"},"uagb_comment_info":0,"uagb_excerpt":"Contact information C\u00c3O GRANDE MARKETPLACEEVENTUR ECOTRAVEL LDA Largo Das Na\u00e7\u00f5es Unidas Distrito de \u00c1gua Grande &#8211; S\u00e3o Tom\u00e9 +239 904 50 00 info@caogrande.st","_links":{"self":[{"href":"https:\/\/caogrande.com\/fr\/wp-json\/wp\/v2\/pages\/19023","targetHints":{"allow":["GET"]}}],"collection":[{"href":"https:\/\/caogrande.com\/fr\/wp-json\/wp\/v2\/pages"}],"about":[{"href":"https:\/\/caogrande.com\/fr\/wp-json\/wp\/v2\/types\/page"}],"author":[{"embeddable":true,"href":"https:\/\/caogrande.com\/fr\/wp-json\/wp\/v2\/users\/1"}],"replies":[{"embeddable":true,"href":"https:\/\/caogrande.com\/fr\/wp-json\/wp\/v2\/comments?post=19023"}],"version-history":[{"count":5,"href":"https:\/\/caogrande.com\/fr\/wp-json\/wp\/v2\/pages\/19023\/revisions"}],"predecessor-version":[{"id":19286,"href":"https:\/\/caogrande.com\/fr\/wp-json\/wp\/v2\/pages\/19023\/revisions\/19286"}],"wp:attachment":[{"href":"https:\/\/caogrande.com\/fr\/wp-json\/wp\/v2\/media?parent=19023"}],"curies":[{"name":"wp","href":"https:\/\/api.w.org\/{rel}","templated":true}]}}