{"id":19013,"date":"2023-02-22T18:32:17","date_gmt":"2023-02-22T18:32:17","guid":{"rendered":"https:\/\/caogrande.com\/cancellation-options\/"},"modified":"2023-11-08T18:34:51","modified_gmt":"2023-11-08T18:34:51","slug":"cancellation-options","status":"publish","type":"page","link":"https:\/\/caogrande.com\/fr\/cancellation-options\/","title":{"rendered":"Options d&rsquo;annulation"},"content":{"rendered":"\n<p>La politique et les options d&rsquo;annulation de la r\u00e9servation d\u00e9pendent des conditions sp\u00e9cifiques fix\u00e9es par le prestataire de services, tel que l&rsquo;h\u00f4tel, le voyagiste ou la soci\u00e9t\u00e9 de location. Il est important de lire attentivement ces conditions avant d&rsquo;effectuer une r\u00e9servation.<\/p>\n\n<p>Les politiques d&rsquo;annulation les plus courantes sont les suivantes<\/p>\n\n<ol class=\"wp-block-list\" type=\"1\">\n<li>Annulation gratuite : La r\u00e9servation peut \u00eatre annul\u00e9e sans frais jusqu&rsquo;\u00e0 une certaine date limite avant la date d&rsquo;arriv\u00e9e ou de d\u00e9part.<\/li>\n\n\n\n<li>Non remboursable : La r\u00e9servation ne peut \u00eatre annul\u00e9e et aucun remboursement ne sera effectu\u00e9 si le client d\u00e9cide d&rsquo;annuler ou ne se pr\u00e9sente pas.<\/li>\n\n\n\n<li>Remboursement partiel : Un pourcentage du co\u00fbt de la r\u00e9servation sera rembours\u00e9 si la r\u00e9servation est annul\u00e9e dans un certain d\u00e9lai.<\/li>\n\n\n\n<li>Annulation flexible : Le prestataire de services offre une certaine souplesse dans la politique d&rsquo;annulation, comme la possibilit\u00e9 de modifier les dates de r\u00e9servation ou d&rsquo;appliquer le montant de la r\u00e9servation sous forme de cr\u00e9dit pour des r\u00e9servations ult\u00e9rieures.<\/li>\n<\/ol>\n\n<p>Il est important de noter que certains fournisseurs de services peuvent proposer des politiques d&rsquo;annulation diff\u00e9rentes pour diff\u00e9rents types de r\u00e9servations, comme les tarifs non remboursables ou les offres sp\u00e9ciales. Il est donc essentiel d&rsquo;examiner attentivement les conditions g\u00e9n\u00e9rales avant d&rsquo;effectuer une r\u00e9servation et de contacter directement le prestataire de services pour clarifier tout doute ou toute question concernant la politique d&rsquo;annulation.<\/p>\n","protected":false},"excerpt":{"rendered":"<p>La politique et les options d&rsquo;annulation de la r\u00e9servation d\u00e9pendent des conditions sp\u00e9cifiques fix\u00e9es par le prestataire de services, tel que l&rsquo;h\u00f4tel, le voyagiste ou la soci\u00e9t\u00e9 de location. Il est important de lire attentivement ces conditions avant d&rsquo;effectuer une r\u00e9servation. Les politiques d&rsquo;annulation les plus courantes sont les suivantes Il est important de noter [&hellip;]<\/p>\n","protected":false},"author":1,"featured_media":17231,"parent":0,"menu_order":0,"comment_status":"closed","ping_status":"closed","template":"","meta":{"_uag_custom_page_level_css":"","footnotes":""},"class_list":["post-19013","page","type-page","status-publish","has-post-thumbnail","hentry"],"aioseo_notices":[],"yoast_head":"<!-- This site is optimized with the Yoast SEO plugin v25.0 - https:\/\/yoast.com\/wordpress\/plugins\/seo\/ -->\n<title>Options d&#039;annulation - C\u00c3O GRANDE MARKETPLACE<\/title>\n<meta name=\"robots\" content=\"index, follow, max-snippet:-1, max-image-preview:large, max-video-preview:-1\" \/>\n<link rel=\"canonical\" href=\"https:\/\/caogrande.com\/fr\/cancellation-options\/\" \/>\n<meta property=\"og:locale\" content=\"fr_FR\" \/>\n<meta property=\"og:type\" content=\"article\" \/>\n<meta property=\"og:title\" content=\"Options d&#039;annulation - C\u00c3O GRANDE MARKETPLACE\" \/>\n<meta property=\"og:description\" content=\"La politique et les options d&rsquo;annulation de la r\u00e9servation d\u00e9pendent des conditions sp\u00e9cifiques fix\u00e9es par le prestataire de services, tel que l&rsquo;h\u00f4tel, le voyagiste ou la soci\u00e9t\u00e9 de location. Il est important de lire attentivement ces conditions avant d&rsquo;effectuer une r\u00e9servation. Les politiques d&rsquo;annulation les plus courantes sont les suivantes Il est important de noter [&hellip;]\" \/>\n<meta property=\"og:url\" content=\"https:\/\/caogrande.com\/fr\/cancellation-options\/\" \/>\n<meta property=\"og:site_name\" content=\"C\u00c3O GRANDE MARKETPLACE\" \/>\n<meta property=\"article:modified_time\" content=\"2023-11-08T18:34:51+00:00\" \/>\n<meta property=\"og:image\" content=\"http:\/\/caogrande.com\/wp-content\/uploads\/2014\/11\/principe900500.jpg\" \/>\n\t<meta property=\"og:image:width\" content=\"900\" \/>\n\t<meta property=\"og:image:height\" content=\"500\" \/>\n\t<meta property=\"og:image:type\" content=\"image\/jpeg\" \/>\n<meta name=\"twitter:card\" content=\"summary_large_image\" \/>\n<meta name=\"twitter:label1\" content=\"Dur\u00e9e de lecture estim\u00e9e\" \/>\n\t<meta name=\"twitter:data1\" content=\"1 minute\" \/>\n<script type=\"application\/ld+json\" class=\"yoast-schema-graph\">{\"@context\":\"https:\/\/schema.org\",\"@graph\":[{\"@type\":\"WebPage\",\"@id\":\"https:\/\/caogrande.com\/fr\/cancellation-options\/\",\"url\":\"https:\/\/caogrande.com\/fr\/cancellation-options\/\",\"name\":\"Options d'annulation - C\u00c3O GRANDE MARKETPLACE\",\"isPartOf\":{\"@id\":\"http:\/\/caogrande.com\/fr\/#website\"},\"primaryImageOfPage\":{\"@id\":\"https:\/\/caogrande.com\/fr\/cancellation-options\/#primaryimage\"},\"image\":{\"@id\":\"https:\/\/caogrande.com\/fr\/cancellation-options\/#primaryimage\"},\"thumbnailUrl\":\"https:\/\/caogrande.com\/wp-content\/uploads\/2014\/11\/principe900500.jpg\",\"datePublished\":\"2023-02-22T18:32:17+00:00\",\"dateModified\":\"2023-11-08T18:34:51+00:00\",\"breadcrumb\":{\"@id\":\"https:\/\/caogrande.com\/fr\/cancellation-options\/#breadcrumb\"},\"inLanguage\":\"fr-FR\",\"potentialAction\":[{\"@type\":\"ReadAction\",\"target\":[\"https:\/\/caogrande.com\/fr\/cancellation-options\/\"]}]},{\"@type\":\"ImageObject\",\"inLanguage\":\"fr-FR\",\"@id\":\"https:\/\/caogrande.com\/fr\/cancellation-options\/#primaryimage\",\"url\":\"https:\/\/caogrande.com\/wp-content\/uploads\/2014\/11\/principe900500.jpg\",\"contentUrl\":\"https:\/\/caogrande.com\/wp-content\/uploads\/2014\/11\/principe900500.jpg\",\"width\":900,\"height\":500},{\"@type\":\"BreadcrumbList\",\"@id\":\"https:\/\/caogrande.com\/fr\/cancellation-options\/#breadcrumb\",\"itemListElement\":[{\"@type\":\"ListItem\",\"position\":1,\"name\":\"Home\",\"item\":\"http:\/\/caogrande.com\/fr\/\"},{\"@type\":\"ListItem\",\"position\":2,\"name\":\"Options d&rsquo;annulation\"}]},{\"@type\":\"WebSite\",\"@id\":\"http:\/\/caogrande.com\/fr\/#website\",\"url\":\"http:\/\/caogrande.com\/fr\/\",\"name\":\"C\u00c3O GRANDE MARKETPLACE\",\"description\":\"The only market dedicated to tourism in S\u00e3o Tom\u00e9 and Pr\u00edncipe\",\"potentialAction\":[{\"@type\":\"SearchAction\",\"target\":{\"@type\":\"EntryPoint\",\"urlTemplate\":\"http:\/\/caogrande.com\/fr\/?s={search_term_string}\"},\"query-input\":{\"@type\":\"PropertyValueSpecification\",\"valueRequired\":true,\"valueName\":\"search_term_string\"}}],\"inLanguage\":\"fr-FR\"}]}<\/script>\n<!-- \/ Yoast SEO plugin. -->","yoast_head_json":{"title":"Options d'annulation - C\u00c3O GRANDE MARKETPLACE","robots":{"index":"index","follow":"follow","max-snippet":"max-snippet:-1","max-image-preview":"max-image-preview:large","max-video-preview":"max-video-preview:-1"},"canonical":"https:\/\/caogrande.com\/fr\/cancellation-options\/","og_locale":"fr_FR","og_type":"article","og_title":"Options d'annulation - C\u00c3O GRANDE MARKETPLACE","og_description":"La politique et les options d&rsquo;annulation de la r\u00e9servation d\u00e9pendent des conditions sp\u00e9cifiques fix\u00e9es par le prestataire de services, tel que l&rsquo;h\u00f4tel, le voyagiste ou la soci\u00e9t\u00e9 de location. Il est important de lire attentivement ces conditions avant d&rsquo;effectuer une r\u00e9servation. Les politiques d&rsquo;annulation les plus courantes sont les suivantes Il est important de noter [&hellip;]","og_url":"https:\/\/caogrande.com\/fr\/cancellation-options\/","og_site_name":"C\u00c3O GRANDE MARKETPLACE","article_modified_time":"2023-11-08T18:34:51+00:00","og_image":[{"width":900,"height":500,"url":"http:\/\/caogrande.com\/wp-content\/uploads\/2014\/11\/principe900500.jpg","type":"image\/jpeg"}],"twitter_card":"summary_large_image","twitter_misc":{"Dur\u00e9e de lecture estim\u00e9e":"1 minute"},"schema":{"@context":"https:\/\/schema.org","@graph":[{"@type":"WebPage","@id":"https:\/\/caogrande.com\/fr\/cancellation-options\/","url":"https:\/\/caogrande.com\/fr\/cancellation-options\/","name":"Options d'annulation - C\u00c3O GRANDE MARKETPLACE","isPartOf":{"@id":"http:\/\/caogrande.com\/fr\/#website"},"primaryImageOfPage":{"@id":"https:\/\/caogrande.com\/fr\/cancellation-options\/#primaryimage"},"image":{"@id":"https:\/\/caogrande.com\/fr\/cancellation-options\/#primaryimage"},"thumbnailUrl":"https:\/\/caogrande.com\/wp-content\/uploads\/2014\/11\/principe900500.jpg","datePublished":"2023-02-22T18:32:17+00:00","dateModified":"2023-11-08T18:34:51+00:00","breadcrumb":{"@id":"https:\/\/caogrande.com\/fr\/cancellation-options\/#breadcrumb"},"inLanguage":"fr-FR","potentialAction":[{"@type":"ReadAction","target":["https:\/\/caogrande.com\/fr\/cancellation-options\/"]}]},{"@type":"ImageObject","inLanguage":"fr-FR","@id":"https:\/\/caogrande.com\/fr\/cancellation-options\/#primaryimage","url":"https:\/\/caogrande.com\/wp-content\/uploads\/2014\/11\/principe900500.jpg","contentUrl":"https:\/\/caogrande.com\/wp-content\/uploads\/2014\/11\/principe900500.jpg","width":900,"height":500},{"@type":"BreadcrumbList","@id":"https:\/\/caogrande.com\/fr\/cancellation-options\/#breadcrumb","itemListElement":[{"@type":"ListItem","position":1,"name":"Home","item":"http:\/\/caogrande.com\/fr\/"},{"@type":"ListItem","position":2,"name":"Options d&rsquo;annulation"}]},{"@type":"WebSite","@id":"http:\/\/caogrande.com\/fr\/#website","url":"http:\/\/caogrande.com\/fr\/","name":"C\u00c3O GRANDE MARKETPLACE","description":"The only market dedicated to tourism in S\u00e3o Tom\u00e9 and Pr\u00edncipe","potentialAction":[{"@type":"SearchAction","target":{"@type":"EntryPoint","urlTemplate":"http:\/\/caogrande.com\/fr\/?s={search_term_string}"},"query-input":{"@type":"PropertyValueSpecification","valueRequired":true,"valueName":"search_term_string"}}],"inLanguage":"fr-FR"}]}},"uagb_featured_image_src":{"full":["https:\/\/caogrande.com\/wp-content\/uploads\/2014\/11\/principe900500.jpg",900,500,false],"thumbnail":["https:\/\/caogrande.com\/wp-content\/uploads\/2014\/11\/principe900500-150x150.jpg",150,150,true],"medium":["https:\/\/caogrande.com\/wp-content\/uploads\/2014\/11\/principe900500-300x300.jpg",300,300,true],"medium_large":["https:\/\/caogrande.com\/wp-content\/uploads\/2014\/11\/principe900500-768x426.jpg",768,426,true],"large":["https:\/\/caogrande.com\/wp-content\/uploads\/2014\/11\/principe900500-1024x1024.jpg",1024,1024,true],"1536x1536":["https:\/\/caogrande.com\/wp-content\/uploads\/2014\/11\/principe900500-1536x1536.jpg",1536,1536,true],"2048x2048":["https:\/\/caogrande.com\/wp-content\/uploads\/2014\/11\/principe900500-2048x2048.jpg",2048,2048,true]},"uagb_author_info":{"display_name":"C\u00e3o Grande","author_link":"https:\/\/caogrande.com\/fr\/author\/masterconsult\/"},"uagb_comment_info":0,"uagb_excerpt":"La politique et les options d&rsquo;annulation de la r\u00e9servation d\u00e9pendent des conditions sp\u00e9cifiques fix\u00e9es par le prestataire de services, tel que l&rsquo;h\u00f4tel, le voyagiste ou la soci\u00e9t\u00e9 de location. Il est important de lire attentivement ces conditions avant d&rsquo;effectuer une r\u00e9servation. Les politiques d&rsquo;annulation les plus courantes sont les suivantes Il est important de noter\u2026","_links":{"self":[{"href":"https:\/\/caogrande.com\/fr\/wp-json\/wp\/v2\/pages\/19013","targetHints":{"allow":["GET"]}}],"collection":[{"href":"https:\/\/caogrande.com\/fr\/wp-json\/wp\/v2\/pages"}],"about":[{"href":"https:\/\/caogrande.com\/fr\/wp-json\/wp\/v2\/types\/page"}],"author":[{"embeddable":true,"href":"https:\/\/caogrande.com\/fr\/wp-json\/wp\/v2\/users\/1"}],"replies":[{"embeddable":true,"href":"https:\/\/caogrande.com\/fr\/wp-json\/wp\/v2\/comments?post=19013"}],"version-history":[{"count":2,"href":"https:\/\/caogrande.com\/fr\/wp-json\/wp\/v2\/pages\/19013\/revisions"}],"predecessor-version":[{"id":19323,"href":"https:\/\/caogrande.com\/fr\/wp-json\/wp\/v2\/pages\/19013\/revisions\/19323"}],"wp:featuredmedia":[{"embeddable":true,"href":"https:\/\/caogrande.com\/fr\/wp-json\/wp\/v2\/media\/17231"}],"wp:attachment":[{"href":"https:\/\/caogrande.com\/fr\/wp-json\/wp\/v2\/media?parent=19013"}],"curies":[{"name":"wp","href":"https:\/\/api.w.org\/{rel}","templated":true}]}}