{"id":19003,"date":"2023-02-22T17:58:44","date_gmt":"2023-02-22T17:58:44","guid":{"rendered":"https:\/\/caogrande.com\/terms-of-service\/"},"modified":"2023-11-08T18:34:58","modified_gmt":"2023-11-08T18:34:58","slug":"terms-of-service","status":"publish","type":"page","link":"https:\/\/caogrande.com\/fr\/terms-of-service\/","title":{"rendered":"<strong>Conditions d&rsquo;utilisation<\/strong>"},"content":{"rendered":"\n<p>Les pr\u00e9sentes Conditions d&rsquo;utilisation (\u00a0\u00bb Conditions \u00ab\u00a0) r\u00e9gissent votre utilisation du site Internet, de l&rsquo;application ou de toute autre plateforme en ligne fournie par C\u00c3O GRANDE Marketplace of Tourism in S\u00e3o Tom\u00e9 and Pr\u00edncipe (\u00a0\u00bb C\u00c3O GRANDE \u00ab\u00a0, \u00a0\u00bb nous \u00ab\u00a0, \u00a0\u00bb notre \u00a0\u00bb ou \u00a0\u00bb nos \u00ab\u00a0). En utilisant notre site Internet, notre application ou toute autre plateforme en ligne fournie par C\u00c3O GRANDE, vous acceptez les pr\u00e9sentes Conditions. Veuillez lire attentivement ces conditions.<\/p>\n\n<h2 class=\"wp-block-heading\">1. <strong>Utilisation de la plateforme C\u00c3O GRANDE<\/strong><\/h2>\n\n<p>Vous pouvez utiliser notre site Internet, notre application ou toute autre plateforme en ligne fournie par C\u00c3O GRANDE dans le but de rechercher, de r\u00e9server et de g\u00e9rer des services de voyage, ainsi qu&rsquo;\u00e0 d&rsquo;autres fins autoris\u00e9es par nous.<\/p>\n\n<h2 class=\"wp-block-heading\">2. <strong>Comptes d&rsquo;utilisateurs<\/strong><\/h2>\n\n<p>Il se peut que vous deviez cr\u00e9er un compte afin d&rsquo;utiliser certaines fonctionnalit\u00e9s de notre site Internet, de notre application ou de toute autre plateforme en ligne fournie par C\u00c3O GRANDE. Vous \u00eates responsable de la mise \u00e0 jour des informations relatives \u00e0 votre compte et de la protection de vos identifiants de connexion.<\/p>\n\n<h2 class=\"wp-block-heading\">3. <strong>R\u00e9servations<\/strong><\/h2>\n\n<p>Toutes les r\u00e9servations effectu\u00e9es par le biais de notre site Internet, de notre application ou de toute autre plateforme en ligne fournie par C\u00c3O GRANDE sont soumises \u00e0 la disponibilit\u00e9 et \u00e0 la confirmation du prestataire de services de voyage concern\u00e9. C\u00c3O GRANDE n&rsquo;est pas responsable des erreurs, omissions ou inexactitudes dans le processus de r\u00e9servation, ni des modifications ou de l&rsquo;annulation du service de voyage.<\/p>\n\n<h2 class=\"wp-block-heading\">4. <strong>Paiements<\/strong><\/h2>\n\n<p>Le paiement des services de voyage r\u00e9serv\u00e9s par le biais de notre site Internet, de notre application ou de toute autre plateforme en ligne fournie par C\u00c3O GRANDE est trait\u00e9 par des fournisseurs de paiement tiers. Vous \u00eates responsable de tous les frais associ\u00e9s \u00e0 votre m\u00e9thode de paiement.<\/p>\n\n<h2 class=\"wp-block-heading\">5. <strong>Propri\u00e9t\u00e9 intellectuelle<\/strong><\/h2>\n\n<p>L&rsquo;ensemble du contenu et du mat\u00e9riel de notre site Internet, de notre application ou de toute autre plateforme en ligne fournie par C\u00c3O GRANDE, y compris les textes, les graphiques, les logos, les images, les logiciels et les codes, nous appartient ou est conc\u00e9d\u00e9 sous licence et est prot\u00e9g\u00e9 par les lois sur la propri\u00e9t\u00e9 intellectuelle.<\/p>\n\n<h2 class=\"wp-block-heading\">6. <strong>Contenu de l&rsquo;utilisateur<\/strong><\/h2>\n\n<p>Vous pouvez \u00eatre en mesure de soumettre des critiques, des commentaires ou d&rsquo;autres contenus g\u00e9n\u00e9r\u00e9s par les utilisateurs par le biais de notre site Web, de notre application ou de toute autre plateforme en ligne fournie par C\u00c3O GRANDE. En soumettant du contenu g\u00e9n\u00e9r\u00e9 par l&rsquo;utilisateur, vous nous accordez une licence non exclusive, perp\u00e9tuelle, irr\u00e9vocable, libre de redevances, mondiale et transf\u00e9rable pour utiliser, modifier, reproduire, distribuer et afficher ce contenu dans n&rsquo;importe quel m\u00e9dia.<\/p>\n\n<h2 class=\"wp-block-heading\">7. <strong>Conduite interdite<\/strong><\/h2>\n\n<p>Vous ne pouvez pas utiliser notre site Internet, notre application ou toute autre plateforme en ligne fournie par C\u00c3O GRANDE \u00e0 des fins ill\u00e9gales ou non autoris\u00e9es. Vous n&rsquo;\u00eates pas autoris\u00e9 \u00e0 adopter un comportement susceptible d&rsquo;endommager, de d\u00e9sactiver, de surcharger ou d&rsquo;alt\u00e9rer le fonctionnement de notre site Internet, de notre application ou de toute autre plateforme en ligne fournie par C\u00c3O GRANDE.<\/p>\n\n<h2 class=\"wp-block-heading\">8. <strong>Exclusion de garantie<\/strong><\/h2>\n\n<p>Notre site Internet, notre application ou toute autre plateforme en ligne fournie par C\u00c3O GRANDE est fournie \u00ab\u00a0en l&rsquo;\u00e9tat\u00a0\u00bb et sans garantie d&rsquo;aucune sorte, qu&rsquo;elle soit expresse ou implicite. Nous ne garantissons pas que notre site Internet, notre application ou toute autre plateforme en ligne fournie par C\u00c3O GRANDE sera ininterrompue ou exempte d&rsquo;erreurs, ou que tout d\u00e9faut sera corrig\u00e9.<\/p>\n\n<h2 class=\"wp-block-heading\">9. <strong>Limitation de la responsabilit\u00e9<\/strong><\/h2>\n\n<p>En aucun cas C\u00c3O GRANDE ne sera responsable des dommages, y compris et sans limitation, les dommages directs ou indirects, sp\u00e9ciaux, accidentels ou cons\u00e9cutifs, les pertes ou les d\u00e9penses d\u00e9coulant de notre site Internet, de notre application ou de toute autre plateforme en ligne fournie par C\u00c3O GRANDE, ou de l&rsquo;utilisation de ces derniers.<\/p>\n\n<h2 class=\"wp-block-heading\">10. <strong>Indemnisation<\/strong><\/h2>\n\n<p>Vous acceptez d&rsquo;indemniser, de d\u00e9fendre et de d\u00e9gager de toute responsabilit\u00e9 C\u00c3O GRANDE et ses affili\u00e9s, directeurs, cadres, employ\u00e9s et agents contre toute r\u00e9clamation, responsabilit\u00e9, dommage, perte, co\u00fbt, d\u00e9pense ou frais (y compris les frais d&rsquo;avocat raisonnables) d\u00e9coulant de ou li\u00e9s \u00e0 votre utilisation de notre site Web, de notre application ou de toute autre plateforme en ligne fournie par C\u00c3O GRANDE, de votre violation des pr\u00e9sentes Conditions d&rsquo;utilisation ou de votre violation des droits d&rsquo;une tierce partie. Nous nous r\u00e9servons le droit, \u00e0 nos propres frais, d&rsquo;assumer la d\u00e9fense et le contr\u00f4le exclusifs de toute question faisant l&rsquo;objet d&rsquo;une indemnisation de votre part, auquel cas vous coop\u00e9rerez avec nous pour faire valoir toute d\u00e9fense disponible.<\/p>\n\n<p>Sao Tom\u00e9 et Principe, 22 janvier 2023.<\/p>\n","protected":false},"excerpt":{"rendered":"<p>Les pr\u00e9sentes Conditions d&rsquo;utilisation (\u00a0\u00bb Conditions \u00ab\u00a0) r\u00e9gissent votre utilisation du site Internet, de l&rsquo;application ou de toute autre plateforme en ligne fournie par C\u00c3O GRANDE Marketplace of Tourism in S\u00e3o Tom\u00e9 and Pr\u00edncipe (\u00a0\u00bb C\u00c3O GRANDE \u00ab\u00a0, \u00a0\u00bb nous \u00ab\u00a0, \u00a0\u00bb notre \u00a0\u00bb ou \u00a0\u00bb nos \u00ab\u00a0). En utilisant notre site Internet, notre application [&hellip;]<\/p>\n","protected":false},"author":1,"featured_media":16916,"parent":0,"menu_order":0,"comment_status":"closed","ping_status":"closed","template":"","meta":{"_uag_custom_page_level_css":"","footnotes":""},"class_list":["post-19003","page","type-page","status-publish","has-post-thumbnail","hentry"],"aioseo_notices":[],"yoast_head":"<!-- This site is optimized with the Yoast SEO plugin v25.0 - https:\/\/yoast.com\/wordpress\/plugins\/seo\/ -->\n<title>Conditions d&#039;utilisation - C\u00c3O GRANDE MARKETPLACE<\/title>\n<meta name=\"robots\" content=\"index, follow, max-snippet:-1, max-image-preview:large, max-video-preview:-1\" \/>\n<link rel=\"canonical\" href=\"https:\/\/caogrande.com\/fr\/terms-of-service\/\" \/>\n<meta property=\"og:locale\" content=\"fr_FR\" \/>\n<meta property=\"og:type\" content=\"article\" \/>\n<meta property=\"og:title\" content=\"Conditions d&#039;utilisation - C\u00c3O GRANDE MARKETPLACE\" \/>\n<meta property=\"og:description\" content=\"Les pr\u00e9sentes Conditions d&rsquo;utilisation (\u00a0\u00bb Conditions \u00ab\u00a0) r\u00e9gissent votre utilisation du site Internet, de l&rsquo;application ou de toute autre plateforme en ligne fournie par C\u00c3O GRANDE Marketplace of Tourism in S\u00e3o Tom\u00e9 and Pr\u00edncipe (\u00a0\u00bb C\u00c3O GRANDE \u00ab\u00a0, \u00a0\u00bb nous \u00ab\u00a0, \u00a0\u00bb notre \u00a0\u00bb ou \u00a0\u00bb nos \u00ab\u00a0). En utilisant notre site Internet, notre application [&hellip;]\" \/>\n<meta property=\"og:url\" content=\"https:\/\/caogrande.com\/fr\/terms-of-service\/\" \/>\n<meta property=\"og:site_name\" content=\"C\u00c3O GRANDE MARKETPLACE\" \/>\n<meta property=\"article:modified_time\" content=\"2023-11-08T18:34:58+00:00\" \/>\n<meta property=\"og:image\" content=\"http:\/\/caogrande.com\/wp-content\/uploads\/2022\/03\/imagem-8.jpg\" \/>\n\t<meta property=\"og:image:width\" content=\"324\" \/>\n\t<meta property=\"og:image:height\" content=\"182\" \/>\n\t<meta property=\"og:image:type\" content=\"image\/jpeg\" \/>\n<meta name=\"twitter:card\" content=\"summary_large_image\" \/>\n<meta name=\"twitter:label1\" content=\"Dur\u00e9e de lecture estim\u00e9e\" \/>\n\t<meta name=\"twitter:data1\" content=\"4 minutes\" \/>\n<script type=\"application\/ld+json\" class=\"yoast-schema-graph\">{\"@context\":\"https:\/\/schema.org\",\"@graph\":[{\"@type\":\"WebPage\",\"@id\":\"https:\/\/caogrande.com\/fr\/terms-of-service\/\",\"url\":\"https:\/\/caogrande.com\/fr\/terms-of-service\/\",\"name\":\"Conditions d'utilisation - C\u00c3O GRANDE MARKETPLACE\",\"isPartOf\":{\"@id\":\"https:\/\/caogrande.com\/fr\/#website\"},\"primaryImageOfPage\":{\"@id\":\"https:\/\/caogrande.com\/fr\/terms-of-service\/#primaryimage\"},\"image\":{\"@id\":\"https:\/\/caogrande.com\/fr\/terms-of-service\/#primaryimage\"},\"thumbnailUrl\":\"https:\/\/caogrande.com\/wp-content\/uploads\/2022\/03\/imagem-8.jpg\",\"datePublished\":\"2023-02-22T17:58:44+00:00\",\"dateModified\":\"2023-11-08T18:34:58+00:00\",\"breadcrumb\":{\"@id\":\"https:\/\/caogrande.com\/fr\/terms-of-service\/#breadcrumb\"},\"inLanguage\":\"fr-FR\",\"potentialAction\":[{\"@type\":\"ReadAction\",\"target\":[\"https:\/\/caogrande.com\/fr\/terms-of-service\/\"]}]},{\"@type\":\"ImageObject\",\"inLanguage\":\"fr-FR\",\"@id\":\"https:\/\/caogrande.com\/fr\/terms-of-service\/#primaryimage\",\"url\":\"https:\/\/caogrande.com\/wp-content\/uploads\/2022\/03\/imagem-8.jpg\",\"contentUrl\":\"https:\/\/caogrande.com\/wp-content\/uploads\/2022\/03\/imagem-8.jpg\",\"width\":324,\"height\":182},{\"@type\":\"BreadcrumbList\",\"@id\":\"https:\/\/caogrande.com\/fr\/terms-of-service\/#breadcrumb\",\"itemListElement\":[{\"@type\":\"ListItem\",\"position\":1,\"name\":\"Home\",\"item\":\"http:\/\/caogrande.com\/fr\/\"},{\"@type\":\"ListItem\",\"position\":2,\"name\":\"Conditions d&rsquo;utilisation\"}]},{\"@type\":\"WebSite\",\"@id\":\"https:\/\/caogrande.com\/fr\/#website\",\"url\":\"https:\/\/caogrande.com\/fr\/\",\"name\":\"C\u00c3O GRANDE MARKETPLACE\",\"description\":\"The only market dedicated to tourism in S\u00e3o Tom\u00e9 and Pr\u00edncipe\",\"potentialAction\":[{\"@type\":\"SearchAction\",\"target\":{\"@type\":\"EntryPoint\",\"urlTemplate\":\"https:\/\/caogrande.com\/fr\/?s={search_term_string}\"},\"query-input\":{\"@type\":\"PropertyValueSpecification\",\"valueRequired\":true,\"valueName\":\"search_term_string\"}}],\"inLanguage\":\"fr-FR\"}]}<\/script>\n<!-- \/ Yoast SEO plugin. -->","yoast_head_json":{"title":"Conditions d'utilisation - C\u00c3O GRANDE MARKETPLACE","robots":{"index":"index","follow":"follow","max-snippet":"max-snippet:-1","max-image-preview":"max-image-preview:large","max-video-preview":"max-video-preview:-1"},"canonical":"https:\/\/caogrande.com\/fr\/terms-of-service\/","og_locale":"fr_FR","og_type":"article","og_title":"Conditions d'utilisation - C\u00c3O GRANDE MARKETPLACE","og_description":"Les pr\u00e9sentes Conditions d&rsquo;utilisation (\u00a0\u00bb Conditions \u00ab\u00a0) r\u00e9gissent votre utilisation du site Internet, de l&rsquo;application ou de toute autre plateforme en ligne fournie par C\u00c3O GRANDE Marketplace of Tourism in S\u00e3o Tom\u00e9 and Pr\u00edncipe (\u00a0\u00bb C\u00c3O GRANDE \u00ab\u00a0, \u00a0\u00bb nous \u00ab\u00a0, \u00a0\u00bb notre \u00a0\u00bb ou \u00a0\u00bb nos \u00ab\u00a0). En utilisant notre site Internet, notre application [&hellip;]","og_url":"https:\/\/caogrande.com\/fr\/terms-of-service\/","og_site_name":"C\u00c3O GRANDE MARKETPLACE","article_modified_time":"2023-11-08T18:34:58+00:00","og_image":[{"width":324,"height":182,"url":"http:\/\/caogrande.com\/wp-content\/uploads\/2022\/03\/imagem-8.jpg","type":"image\/jpeg"}],"twitter_card":"summary_large_image","twitter_misc":{"Dur\u00e9e de lecture estim\u00e9e":"4 minutes"},"schema":{"@context":"https:\/\/schema.org","@graph":[{"@type":"WebPage","@id":"https:\/\/caogrande.com\/fr\/terms-of-service\/","url":"https:\/\/caogrande.com\/fr\/terms-of-service\/","name":"Conditions d'utilisation - C\u00c3O GRANDE MARKETPLACE","isPartOf":{"@id":"https:\/\/caogrande.com\/fr\/#website"},"primaryImageOfPage":{"@id":"https:\/\/caogrande.com\/fr\/terms-of-service\/#primaryimage"},"image":{"@id":"https:\/\/caogrande.com\/fr\/terms-of-service\/#primaryimage"},"thumbnailUrl":"https:\/\/caogrande.com\/wp-content\/uploads\/2022\/03\/imagem-8.jpg","datePublished":"2023-02-22T17:58:44+00:00","dateModified":"2023-11-08T18:34:58+00:00","breadcrumb":{"@id":"https:\/\/caogrande.com\/fr\/terms-of-service\/#breadcrumb"},"inLanguage":"fr-FR","potentialAction":[{"@type":"ReadAction","target":["https:\/\/caogrande.com\/fr\/terms-of-service\/"]}]},{"@type":"ImageObject","inLanguage":"fr-FR","@id":"https:\/\/caogrande.com\/fr\/terms-of-service\/#primaryimage","url":"https:\/\/caogrande.com\/wp-content\/uploads\/2022\/03\/imagem-8.jpg","contentUrl":"https:\/\/caogrande.com\/wp-content\/uploads\/2022\/03\/imagem-8.jpg","width":324,"height":182},{"@type":"BreadcrumbList","@id":"https:\/\/caogrande.com\/fr\/terms-of-service\/#breadcrumb","itemListElement":[{"@type":"ListItem","position":1,"name":"Home","item":"http:\/\/caogrande.com\/fr\/"},{"@type":"ListItem","position":2,"name":"Conditions d&rsquo;utilisation"}]},{"@type":"WebSite","@id":"https:\/\/caogrande.com\/fr\/#website","url":"https:\/\/caogrande.com\/fr\/","name":"C\u00c3O GRANDE MARKETPLACE","description":"The only market dedicated to tourism in S\u00e3o Tom\u00e9 and Pr\u00edncipe","potentialAction":[{"@type":"SearchAction","target":{"@type":"EntryPoint","urlTemplate":"https:\/\/caogrande.com\/fr\/?s={search_term_string}"},"query-input":{"@type":"PropertyValueSpecification","valueRequired":true,"valueName":"search_term_string"}}],"inLanguage":"fr-FR"}]}},"uagb_featured_image_src":{"full":["https:\/\/caogrande.com\/wp-content\/uploads\/2022\/03\/imagem-8.jpg",324,182,false],"thumbnail":["https:\/\/caogrande.com\/wp-content\/uploads\/2022\/03\/imagem-8-150x150.jpg",150,150,true],"medium":["https:\/\/caogrande.com\/wp-content\/uploads\/2022\/03\/imagem-8-300x300.jpg",300,300,true],"medium_large":["https:\/\/caogrande.com\/wp-content\/uploads\/2022\/03\/imagem-8-768x431.jpg",768,431,true],"large":["https:\/\/caogrande.com\/wp-content\/uploads\/2022\/03\/imagem-8-1024x1024.jpg",1024,1024,true],"1536x1536":["https:\/\/caogrande.com\/wp-content\/uploads\/2022\/03\/imagem-8-1536x1536.jpg",1536,1536,true],"2048x2048":["https:\/\/caogrande.com\/wp-content\/uploads\/2022\/03\/imagem-8-2048x2048.jpg",2048,2048,true]},"uagb_author_info":{"display_name":"C\u00e3o Grande","author_link":"https:\/\/caogrande.com\/fr\/author\/masterconsult\/"},"uagb_comment_info":0,"uagb_excerpt":"Les pr\u00e9sentes Conditions d&rsquo;utilisation (\u00a0\u00bb Conditions \u00ab\u00a0) r\u00e9gissent votre utilisation du site Internet, de l&rsquo;application ou de toute autre plateforme en ligne fournie par C\u00c3O GRANDE Marketplace of Tourism in S\u00e3o Tom\u00e9 and Pr\u00edncipe (\u00a0\u00bb C\u00c3O GRANDE \u00ab\u00a0, \u00a0\u00bb nous \u00ab\u00a0, \u00a0\u00bb notre \u00a0\u00bb ou \u00a0\u00bb nos \u00ab\u00a0). En utilisant notre site Internet, notre application\u2026","_links":{"self":[{"href":"https:\/\/caogrande.com\/fr\/wp-json\/wp\/v2\/pages\/19003","targetHints":{"allow":["GET"]}}],"collection":[{"href":"https:\/\/caogrande.com\/fr\/wp-json\/wp\/v2\/pages"}],"about":[{"href":"https:\/\/caogrande.com\/fr\/wp-json\/wp\/v2\/types\/page"}],"author":[{"embeddable":true,"href":"https:\/\/caogrande.com\/fr\/wp-json\/wp\/v2\/users\/1"}],"replies":[{"embeddable":true,"href":"https:\/\/caogrande.com\/fr\/wp-json\/wp\/v2\/comments?post=19003"}],"version-history":[{"count":2,"href":"https:\/\/caogrande.com\/fr\/wp-json\/wp\/v2\/pages\/19003\/revisions"}],"predecessor-version":[{"id":19327,"href":"https:\/\/caogrande.com\/fr\/wp-json\/wp\/v2\/pages\/19003\/revisions\/19327"}],"wp:featuredmedia":[{"embeddable":true,"href":"https:\/\/caogrande.com\/fr\/wp-json\/wp\/v2\/media\/16916"}],"wp:attachment":[{"href":"https:\/\/caogrande.com\/fr\/wp-json\/wp\/v2\/media?parent=19003"}],"curies":[{"name":"wp","href":"https:\/\/api.w.org\/{rel}","templated":true}]}}