{"id":18986,"date":"2023-10-31T10:40:39","date_gmt":"2023-10-31T10:40:39","guid":{"rendered":"https:\/\/caogrande.com\/cart\/"},"modified":"2023-10-31T10:40:39","modified_gmt":"2023-10-31T10:40:39","slug":"cart","status":"publish","type":"page","link":"https:\/\/caogrande.com\/en\/cart\/","title":{"rendered":"Cart"},"content":{"rendered":"<p>[woocommerce_cart]<\/p>\n","protected":false},"excerpt":{"rendered":"[woocommerce_cart]","protected":false},"author":1,"featured_media":0,"parent":0,"menu_order":0,"comment_status":"closed","ping_status":"closed","template":"","meta":{"_uag_custom_page_level_css":"","footnotes":""},"class_list":["post-18986","page","type-page","status-publish","has-post-thumbnail","hentry"],"aioseo_notices":[],"yoast_head":"<!-- This site is optimized with the Yoast SEO plugin v25.0 - https:\/\/yoast.com\/wordpress\/plugins\/seo\/ -->\n<title>Cart - C\u00c3O GRANDE MARKETPLACE<\/title>\n<meta name=\"robots\" content=\"index, follow, max-snippet:-1, max-image-preview:large, max-video-preview:-1\" \/>\n<link rel=\"canonical\" href=\"https:\/\/caogrande.com\/en\/cart\/\" \/>\n<meta property=\"og:locale\" content=\"en_US\" \/>\n<meta property=\"og:type\" content=\"article\" \/>\n<meta property=\"og:title\" content=\"Cart - C\u00c3O GRANDE MARKETPLACE\" \/>\n<meta property=\"og:url\" content=\"https:\/\/caogrande.com\/en\/cart\/\" \/>\n<meta property=\"og:site_name\" content=\"C\u00c3O GRANDE MARKETPLACE\" \/>\n<meta name=\"twitter:card\" content=\"summary_large_image\" \/>\n<script type=\"application\/ld+json\" class=\"yoast-schema-graph\">{\"@context\":\"https:\/\/schema.org\",\"@graph\":[{\"@type\":\"WebPage\",\"@id\":\"https:\/\/caogrande.com\/en\/cart\/\",\"url\":\"https:\/\/caogrande.com\/en\/cart\/\",\"name\":\"Cart - C\u00c3O GRANDE MARKETPLACE\",\"isPartOf\":{\"@id\":\"http:\/\/caogrande.com\/en\/#website\"},\"datePublished\":\"2023-10-31T10:40:39+00:00\",\"breadcrumb\":{\"@id\":\"https:\/\/caogrande.com\/en\/cart\/#breadcrumb\"},\"inLanguage\":\"en-US\",\"potentialAction\":[{\"@type\":\"ReadAction\",\"target\":[\"https:\/\/caogrande.com\/en\/cart\/\"]}]},{\"@type\":\"BreadcrumbList\",\"@id\":\"https:\/\/caogrande.com\/en\/cart\/#breadcrumb\",\"itemListElement\":[{\"@type\":\"ListItem\",\"position\":1,\"name\":\"Home\",\"item\":\"http:\/\/caogrande.com\/en\/\"},{\"@type\":\"ListItem\",\"position\":2,\"name\":\"Cart\"}]},{\"@type\":\"WebSite\",\"@id\":\"http:\/\/caogrande.com\/en\/#website\",\"url\":\"http:\/\/caogrande.com\/en\/\",\"name\":\"C\u00c3O GRANDE MARKETPLACE\",\"description\":\"The only market dedicated to tourism in S\u00e3o Tom\u00e9 and Pr\u00edncipe\",\"potentialAction\":[{\"@type\":\"SearchAction\",\"target\":{\"@type\":\"EntryPoint\",\"urlTemplate\":\"http:\/\/caogrande.com\/en\/?s={search_term_string}\"},\"query-input\":{\"@type\":\"PropertyValueSpecification\",\"valueRequired\":true,\"valueName\":\"search_term_string\"}}],\"inLanguage\":\"en-US\"}]}<\/script>\n<!-- \/ Yoast SEO plugin. -->","yoast_head_json":{"title":"Cart - C\u00c3O GRANDE MARKETPLACE","robots":{"index":"index","follow":"follow","max-snippet":"max-snippet:-1","max-image-preview":"max-image-preview:large","max-video-preview":"max-video-preview:-1"},"canonical":"https:\/\/caogrande.com\/en\/cart\/","og_locale":"en_US","og_type":"article","og_title":"Cart - C\u00c3O GRANDE MARKETPLACE","og_url":"https:\/\/caogrande.com\/en\/cart\/","og_site_name":"C\u00c3O GRANDE MARKETPLACE","twitter_card":"summary_large_image","schema":{"@context":"https:\/\/schema.org","@graph":[{"@type":"WebPage","@id":"https:\/\/caogrande.com\/en\/cart\/","url":"https:\/\/caogrande.com\/en\/cart\/","name":"Cart - C\u00c3O GRANDE MARKETPLACE","isPartOf":{"@id":"http:\/\/caogrande.com\/en\/#website"},"datePublished":"2023-10-31T10:40:39+00:00","breadcrumb":{"@id":"https:\/\/caogrande.com\/en\/cart\/#breadcrumb"},"inLanguage":"en-US","potentialAction":[{"@type":"ReadAction","target":["https:\/\/caogrande.com\/en\/cart\/"]}]},{"@type":"BreadcrumbList","@id":"https:\/\/caogrande.com\/en\/cart\/#breadcrumb","itemListElement":[{"@type":"ListItem","position":1,"name":"Home","item":"http:\/\/caogrande.com\/en\/"},{"@type":"ListItem","position":2,"name":"Cart"}]},{"@type":"WebSite","@id":"http:\/\/caogrande.com\/en\/#website","url":"http:\/\/caogrande.com\/en\/","name":"C\u00c3O GRANDE MARKETPLACE","description":"The only market dedicated to tourism in S\u00e3o Tom\u00e9 and Pr\u00edncipe","potentialAction":[{"@type":"SearchAction","target":{"@type":"EntryPoint","urlTemplate":"http:\/\/caogrande.com\/en\/?s={search_term_string}"},"query-input":{"@type":"PropertyValueSpecification","valueRequired":true,"valueName":"search_term_string"}}],"inLanguage":"en-US"}]}},"uagb_featured_image_src":{"full":["https:\/\/placehold.co\/600x400",900,600],"thumbnail":["https:\/\/placehold.co\/600x400",900,600],"medium":["https:\/\/placehold.co\/600x400",900,600],"medium_large":["https:\/\/placehold.co\/600x400",900,600],"large":["https:\/\/placehold.co\/600x400",900,600],"1536x1536":["https:\/\/placehold.co\/600x400",900,600],"2048x2048":["https:\/\/placehold.co\/600x400",900,600]},"uagb_author_info":{"display_name":"C\u00e3o Grande","author_link":"https:\/\/caogrande.com\/en\/author\/masterconsult\/"},"uagb_comment_info":0,"uagb_excerpt":null,"_links":{"self":[{"href":"https:\/\/caogrande.com\/en\/wp-json\/wp\/v2\/pages\/18986","targetHints":{"allow":["GET"]}}],"collection":[{"href":"https:\/\/caogrande.com\/en\/wp-json\/wp\/v2\/pages"}],"about":[{"href":"https:\/\/caogrande.com\/en\/wp-json\/wp\/v2\/types\/page"}],"author":[{"embeddable":true,"href":"https:\/\/caogrande.com\/en\/wp-json\/wp\/v2\/users\/1"}],"replies":[{"embeddable":true,"href":"https:\/\/caogrande.com\/en\/wp-json\/wp\/v2\/comments?post=18986"}],"version-history":[{"count":0,"href":"https:\/\/caogrande.com\/en\/wp-json\/wp\/v2\/pages\/18986\/revisions"}],"wp:attachment":[{"href":"https:\/\/caogrande.com\/en\/wp-json\/wp\/v2\/media?parent=18986"}],"curies":[{"name":"wp","href":"https:\/\/api.w.org\/{rel}","templated":true}]}}