{"id":14747,"date":"2023-02-22T18:32:17","date_gmt":"2023-02-22T18:32:17","guid":{"rendered":"https:\/\/caogrande.com\/dev\/?page_id=14747"},"modified":"2023-02-22T19:31:25","modified_gmt":"2023-02-22T19:31:25","slug":"cancellation-options","status":"publish","type":"page","link":"https:\/\/caogrande.com\/en\/cancellation-options\/","title":{"rendered":"Cancellation options"},"content":{"rendered":"\n<p>The booking cancellation policy and options will depend on the specific terms and conditions set by the service provider, such as the hotel, tour operator, or rental company. It is important to carefully review these terms and conditions before making a booking.<\/p>\n\n\n\n<p>Some common cancellation policies include:<\/p>\n\n\n\n<ol class=\"wp-block-list\" type=\"1\">\n<li>Free cancellation: The booking can be cancelled without any charge up to a certain deadline before the check-in or start date.<\/li>\n\n\n\n<li>Non-refundable: The booking cannot be cancelled and no refund will be given if the customer decides to cancel or doesn&#8217;t show up.<\/li>\n\n\n\n<li>Partial refund: A percentage of the booking cost will be refunded if the booking is cancelled within a certain deadline.<\/li>\n\n\n\n<li>Flexible cancellation: The service provider offers some flexibility in the cancellation policy, such as the ability to change the booking dates or apply the booking amount as a credit for future bookings.<\/li>\n<\/ol>\n\n\n\n<p>It&#8217;s important to note that some service providers may offer different cancellation policies for different types of bookings, such as non-refundable rates or special offers. Therefore, it&#8217;s essential to review the terms and conditions carefully before making a reservation and to contact the service provider directly to clarify any doubts or questions regarding the cancellation policy.<\/p>\n","protected":false},"excerpt":{"rendered":"<p>The booking cancellation policy and options will depend on the specific terms and conditions set by the service provider, such as the hotel, tour operator, or rental company. It is important to carefully review these terms and conditions before making a booking. Some common cancellation policies include: It&#8217;s important to note that some service providers [&hellip;]<\/p>\n","protected":false},"author":1,"featured_media":8789,"parent":0,"menu_order":0,"comment_status":"closed","ping_status":"closed","template":"","meta":{"_uag_custom_page_level_css":"","footnotes":""},"class_list":["post-14747","page","type-page","status-publish","has-post-thumbnail","hentry"],"aioseo_notices":[],"yoast_head":"<!-- This site is optimized with the Yoast SEO plugin v25.0 - https:\/\/yoast.com\/wordpress\/plugins\/seo\/ -->\n<title>Cancellation options - C\u00c3O GRANDE MARKETPLACE<\/title>\n<meta name=\"robots\" content=\"index, follow, max-snippet:-1, max-image-preview:large, max-video-preview:-1\" \/>\n<link rel=\"canonical\" href=\"https:\/\/caogrande.com\/en\/cancellation-options\/\" \/>\n<meta property=\"og:locale\" content=\"en_US\" \/>\n<meta property=\"og:type\" content=\"article\" \/>\n<meta property=\"og:title\" content=\"Cancellation options - C\u00c3O GRANDE MARKETPLACE\" \/>\n<meta property=\"og:description\" content=\"The booking cancellation policy and options will depend on the specific terms and conditions set by the service provider, such as the hotel, tour operator, or rental company. It is important to carefully review these terms and conditions before making a booking. Some common cancellation policies include: It&#8217;s important to note that some service providers [&hellip;]\" \/>\n<meta property=\"og:url\" content=\"https:\/\/caogrande.com\/en\/cancellation-options\/\" \/>\n<meta property=\"og:site_name\" content=\"C\u00c3O GRANDE MARKETPLACE\" \/>\n<meta property=\"article:modified_time\" content=\"2023-02-22T19:31:25+00:00\" \/>\n<meta property=\"og:image\" content=\"http:\/\/caogrande.com\/wp-content\/uploads\/2014\/11\/principe900500.jpg\" \/>\n\t<meta property=\"og:image:width\" content=\"900\" \/>\n\t<meta property=\"og:image:height\" content=\"500\" \/>\n\t<meta property=\"og:image:type\" content=\"image\/jpeg\" \/>\n<meta name=\"twitter:card\" content=\"summary_large_image\" \/>\n<meta name=\"twitter:label1\" content=\"Est. reading time\" \/>\n\t<meta name=\"twitter:data1\" content=\"1 minute\" \/>\n<script type=\"application\/ld+json\" class=\"yoast-schema-graph\">{\"@context\":\"https:\/\/schema.org\",\"@graph\":[{\"@type\":\"WebPage\",\"@id\":\"https:\/\/caogrande.com\/en\/cancellation-options\/\",\"url\":\"https:\/\/caogrande.com\/en\/cancellation-options\/\",\"name\":\"Cancellation options - C\u00c3O GRANDE MARKETPLACE\",\"isPartOf\":{\"@id\":\"http:\/\/caogrande.com\/en\/#website\"},\"primaryImageOfPage\":{\"@id\":\"https:\/\/caogrande.com\/en\/cancellation-options\/#primaryimage\"},\"image\":{\"@id\":\"https:\/\/caogrande.com\/en\/cancellation-options\/#primaryimage\"},\"thumbnailUrl\":\"https:\/\/caogrande.com\/wp-content\/uploads\/2014\/11\/principe900500.jpg\",\"datePublished\":\"2023-02-22T18:32:17+00:00\",\"dateModified\":\"2023-02-22T19:31:25+00:00\",\"breadcrumb\":{\"@id\":\"https:\/\/caogrande.com\/en\/cancellation-options\/#breadcrumb\"},\"inLanguage\":\"en-US\",\"potentialAction\":[{\"@type\":\"ReadAction\",\"target\":[\"https:\/\/caogrande.com\/en\/cancellation-options\/\"]}]},{\"@type\":\"ImageObject\",\"inLanguage\":\"en-US\",\"@id\":\"https:\/\/caogrande.com\/en\/cancellation-options\/#primaryimage\",\"url\":\"https:\/\/caogrande.com\/wp-content\/uploads\/2014\/11\/principe900500.jpg\",\"contentUrl\":\"https:\/\/caogrande.com\/wp-content\/uploads\/2014\/11\/principe900500.jpg\",\"width\":900,\"height\":500},{\"@type\":\"BreadcrumbList\",\"@id\":\"https:\/\/caogrande.com\/en\/cancellation-options\/#breadcrumb\",\"itemListElement\":[{\"@type\":\"ListItem\",\"position\":1,\"name\":\"Home\",\"item\":\"http:\/\/caogrande.com\/en\/\"},{\"@type\":\"ListItem\",\"position\":2,\"name\":\"Cancellation options\"}]},{\"@type\":\"WebSite\",\"@id\":\"http:\/\/caogrande.com\/en\/#website\",\"url\":\"http:\/\/caogrande.com\/en\/\",\"name\":\"C\u00c3O GRANDE MARKETPLACE\",\"description\":\"The only market dedicated to tourism in S\u00e3o Tom\u00e9 and Pr\u00edncipe\",\"potentialAction\":[{\"@type\":\"SearchAction\",\"target\":{\"@type\":\"EntryPoint\",\"urlTemplate\":\"http:\/\/caogrande.com\/en\/?s={search_term_string}\"},\"query-input\":{\"@type\":\"PropertyValueSpecification\",\"valueRequired\":true,\"valueName\":\"search_term_string\"}}],\"inLanguage\":\"en-US\"}]}<\/script>\n<!-- \/ Yoast SEO plugin. -->","yoast_head_json":{"title":"Cancellation options - C\u00c3O GRANDE MARKETPLACE","robots":{"index":"index","follow":"follow","max-snippet":"max-snippet:-1","max-image-preview":"max-image-preview:large","max-video-preview":"max-video-preview:-1"},"canonical":"https:\/\/caogrande.com\/en\/cancellation-options\/","og_locale":"en_US","og_type":"article","og_title":"Cancellation options - C\u00c3O GRANDE MARKETPLACE","og_description":"The booking cancellation policy and options will depend on the specific terms and conditions set by the service provider, such as the hotel, tour operator, or rental company. It is important to carefully review these terms and conditions before making a booking. Some common cancellation policies include: It&#8217;s important to note that some service providers [&hellip;]","og_url":"https:\/\/caogrande.com\/en\/cancellation-options\/","og_site_name":"C\u00c3O GRANDE MARKETPLACE","article_modified_time":"2023-02-22T19:31:25+00:00","og_image":[{"width":900,"height":500,"url":"http:\/\/caogrande.com\/wp-content\/uploads\/2014\/11\/principe900500.jpg","type":"image\/jpeg"}],"twitter_card":"summary_large_image","twitter_misc":{"Est. reading time":"1 minute"},"schema":{"@context":"https:\/\/schema.org","@graph":[{"@type":"WebPage","@id":"https:\/\/caogrande.com\/en\/cancellation-options\/","url":"https:\/\/caogrande.com\/en\/cancellation-options\/","name":"Cancellation options - C\u00c3O GRANDE MARKETPLACE","isPartOf":{"@id":"http:\/\/caogrande.com\/en\/#website"},"primaryImageOfPage":{"@id":"https:\/\/caogrande.com\/en\/cancellation-options\/#primaryimage"},"image":{"@id":"https:\/\/caogrande.com\/en\/cancellation-options\/#primaryimage"},"thumbnailUrl":"https:\/\/caogrande.com\/wp-content\/uploads\/2014\/11\/principe900500.jpg","datePublished":"2023-02-22T18:32:17+00:00","dateModified":"2023-02-22T19:31:25+00:00","breadcrumb":{"@id":"https:\/\/caogrande.com\/en\/cancellation-options\/#breadcrumb"},"inLanguage":"en-US","potentialAction":[{"@type":"ReadAction","target":["https:\/\/caogrande.com\/en\/cancellation-options\/"]}]},{"@type":"ImageObject","inLanguage":"en-US","@id":"https:\/\/caogrande.com\/en\/cancellation-options\/#primaryimage","url":"https:\/\/caogrande.com\/wp-content\/uploads\/2014\/11\/principe900500.jpg","contentUrl":"https:\/\/caogrande.com\/wp-content\/uploads\/2014\/11\/principe900500.jpg","width":900,"height":500},{"@type":"BreadcrumbList","@id":"https:\/\/caogrande.com\/en\/cancellation-options\/#breadcrumb","itemListElement":[{"@type":"ListItem","position":1,"name":"Home","item":"http:\/\/caogrande.com\/en\/"},{"@type":"ListItem","position":2,"name":"Cancellation options"}]},{"@type":"WebSite","@id":"http:\/\/caogrande.com\/en\/#website","url":"http:\/\/caogrande.com\/en\/","name":"C\u00c3O GRANDE MARKETPLACE","description":"The only market dedicated to tourism in S\u00e3o Tom\u00e9 and Pr\u00edncipe","potentialAction":[{"@type":"SearchAction","target":{"@type":"EntryPoint","urlTemplate":"http:\/\/caogrande.com\/en\/?s={search_term_string}"},"query-input":{"@type":"PropertyValueSpecification","valueRequired":true,"valueName":"search_term_string"}}],"inLanguage":"en-US"}]}},"uagb_featured_image_src":{"full":["https:\/\/caogrande.com\/wp-content\/uploads\/2014\/11\/principe900500.jpg",900,500,false],"thumbnail":["https:\/\/caogrande.com\/wp-content\/uploads\/2014\/11\/principe900500-150x150.jpg",150,150,true],"medium":["https:\/\/caogrande.com\/wp-content\/uploads\/2014\/11\/principe900500-300x300.jpg",300,300,true],"medium_large":["https:\/\/caogrande.com\/wp-content\/uploads\/2014\/11\/principe900500-768x426.jpg",768,426,true],"large":["https:\/\/caogrande.com\/wp-content\/uploads\/2014\/11\/principe900500-1024x1024.jpg",1024,1024,true],"1536x1536":["https:\/\/caogrande.com\/wp-content\/uploads\/2014\/11\/principe900500-1536x1536.jpg",1536,1536,true],"2048x2048":["https:\/\/caogrande.com\/wp-content\/uploads\/2014\/11\/principe900500-2048x2048.jpg",2048,2048,true]},"uagb_author_info":{"display_name":"C\u00e3o Grande","author_link":"https:\/\/caogrande.com\/en\/author\/masterconsult\/"},"uagb_comment_info":0,"uagb_excerpt":"The booking cancellation policy and options will depend on the specific terms and conditions set by the service provider, such as the hotel, tour operator, or rental company. It is important to carefully review these terms and conditions before making a booking. Some common cancellation policies include: It&#8217;s important to note that some service providers&hellip;","_links":{"self":[{"href":"https:\/\/caogrande.com\/en\/wp-json\/wp\/v2\/pages\/14747","targetHints":{"allow":["GET"]}}],"collection":[{"href":"https:\/\/caogrande.com\/en\/wp-json\/wp\/v2\/pages"}],"about":[{"href":"https:\/\/caogrande.com\/en\/wp-json\/wp\/v2\/types\/page"}],"author":[{"embeddable":true,"href":"https:\/\/caogrande.com\/en\/wp-json\/wp\/v2\/users\/1"}],"replies":[{"embeddable":true,"href":"https:\/\/caogrande.com\/en\/wp-json\/wp\/v2\/comments?post=14747"}],"version-history":[{"count":1,"href":"https:\/\/caogrande.com\/en\/wp-json\/wp\/v2\/pages\/14747\/revisions"}],"predecessor-version":[{"id":14748,"href":"https:\/\/caogrande.com\/en\/wp-json\/wp\/v2\/pages\/14747\/revisions\/14748"}],"wp:featuredmedia":[{"embeddable":true,"href":"https:\/\/caogrande.com\/en\/wp-json\/wp\/v2\/media\/8789"}],"wp:attachment":[{"href":"https:\/\/caogrande.com\/en\/wp-json\/wp\/v2\/media?parent=14747"}],"curies":[{"name":"wp","href":"https:\/\/api.w.org\/{rel}","templated":true}]}}